{"id":640,"date":"2026-03-19T23:20:55","date_gmt":"2026-03-19T23:20:55","guid":{"rendered":"https:\/\/rationalunicorn.com\/?page_id=640"},"modified":"2026-03-25T01:34:09","modified_gmt":"2026-03-25T01:34:09","slug":"maria-b","status":"publish","type":"page","link":"https:\/\/rationalunicorn.com\/es\/our-team\/maria-b\/","title":{"rendered":"Maria B"},"content":{"rendered":"<div data-elementor-type=\"wp-page\" data-elementor-id=\"640\" class=\"elementor elementor-640\" data-elementor-post-type=\"page\">\n\t\t\t\t<div class=\"elementor-element elementor-element-e21b84a e-flex e-con-boxed e-con e-parent\" data-id=\"e21b84a\" data-element_type=\"container\" data-e-type=\"container\" data-settings=\"{&quot;background_background&quot;:&quot;classic&quot;}\">\n\t\t\t\t\t<div class=\"e-con-inner\">\n\t\t<div class=\"elementor-element elementor-element-7fdc049 e-con-full e-flex e-con e-child\" data-id=\"7fdc049\" data-element_type=\"container\" data-e-type=\"container\">\n\t\t\t\t<div class=\"elementor-element elementor-element-f1c20d5 elementor-widget elementor-widget-image\" data-id=\"f1c20d5\" data-element_type=\"widget\" data-e-type=\"widget\" data-widget_type=\"image.default\">\n\t\t\t\t\t\t\t\t\t\t\t\t\t\t\t<img fetchpriority=\"high\" decoding=\"async\" width=\"750\" height=\"1000\" src=\"https:\/\/rationalunicorn.com\/wp-content\/uploads\/2026\/03\/maria.jpg\" class=\"attachment-large size-large wp-image-577\" alt=\"\" srcset=\"https:\/\/rationalunicorn.com\/wp-content\/uploads\/2026\/03\/maria.jpg 750w, https:\/\/rationalunicorn.com\/wp-content\/uploads\/2026\/03\/maria-225x300.jpg 225w, https:\/\/rationalunicorn.com\/wp-content\/uploads\/2026\/03\/maria-9x12.jpg 9w\" sizes=\"(max-width: 750px) 100vw, 750px\" \/>\t\t\t\t\t\t\t\t\t\t\t\t\t\t\t<\/div>\n\t\t\t\t<\/div>\n\t\t<div class=\"elementor-element elementor-element-f87ab92 e-con-full e-flex e-con e-child\" data-id=\"f87ab92\" data-element_type=\"container\" data-e-type=\"container\">\n\t\t<div class=\"elementor-element elementor-element-17f63bd e-con-full e-flex e-con e-child\" data-id=\"17f63bd\" data-element_type=\"container\" data-e-type=\"container\">\n\t\t\t\t<div class=\"elementor-element elementor-element-9065c49 elementor-widget elementor-widget-heading\" data-id=\"9065c49\" data-element_type=\"widget\" data-e-type=\"widget\" data-widget_type=\"heading.default\">\n\t\t\t\t\t<h1 class=\"elementor-heading-title elementor-size-default\">Maria B.<\/h1>\t\t\t\t<\/div>\n\t\t\t\t<div class=\"elementor-element elementor-element-8867b9a elementor-widget elementor-widget-heading\" data-id=\"8867b9a\" data-element_type=\"widget\" data-e-type=\"widget\" data-widget_type=\"heading.default\">\n\t\t\t\t\t<h4 class=\"elementor-heading-title elementor-size-default\">ella<\/h4>\t\t\t\t<\/div>\n\t\t\t\t<\/div>\n\t\t\t\t<div class=\"elementor-element elementor-element-8ebc7ab elementor-widget elementor-widget-heading\" data-id=\"8ebc7ab\" data-element_type=\"widget\" data-e-type=\"widget\" data-widget_type=\"heading.default\">\n\t\t\t\t\t<h4 class=\"elementor-heading-title elementor-size-default\">Gerente de marca<\/h4>\t\t\t\t<\/div>\n\t\t\t\t<\/div>\n\t\t\t\t\t<\/div>\n\t\t\t\t<\/div>\n\t\t<div class=\"elementor-element elementor-element-cddd394 e-flex e-con-boxed e-con e-parent\" data-id=\"cddd394\" data-element_type=\"container\" data-e-type=\"container\">\n\t\t\t\t\t<div class=\"e-con-inner\">\n\t\t<div class=\"elementor-element elementor-element-d5c2dbf e-con-full e-flex e-con e-child\" data-id=\"d5c2dbf\" data-element_type=\"container\" data-e-type=\"container\">\n\t\t<div class=\"elementor-element elementor-element-40eff66 e-con-full e-flex e-con e-child\" data-id=\"40eff66\" data-element_type=\"container\" data-e-type=\"container\">\n\t\t\t\t<div class=\"elementor-element elementor-element-ba07ea5 elementor-icon-list--layout-traditional elementor-list-item-link-full_width elementor-widget elementor-widget-icon-list\" data-id=\"ba07ea5\" data-element_type=\"widget\" data-e-type=\"widget\" data-widget_type=\"icon-list.default\">\n\t\t\t\t\t\t\t<ul class=\"elementor-icon-list-items\">\n\t\t\t\t\t\t\t<li class=\"elementor-icon-list-item\">\n\t\t\t\t\t\t\t\t\t\t\t<span class=\"elementor-icon-list-icon\">\n\t\t\t\t\t\t\t<svg aria-hidden=\"true\" class=\"e-font-icon-svg e-fas-chevron-circle-right\" viewbox=\"0 0 512 512\" xmlns=\"http:\/\/www.w3.org\/2000\/svg\"><path d=\"M256 8c137 0 248 111 248 248S393 504 256 504 8 393 8 256 119 8 256 8zm113.9 231L234.4 103.5c-9.4-9.4-24.6-9.4-33.9 0l-17 17c-9.4 9.4-9.4 24.6 0 33.9L285.1 256 183.5 357.6c-9.4 9.4-9.4 24.6 0 33.9l17 17c9.4 9.4 24.6 9.4 33.9 0L369.9 273c9.4-9.4 9.4-24.6 0-34z\"><\/path><\/svg>\t\t\t\t\t\t<\/span>\n\t\t\t\t\t\t\t\t\t\t<span class=\"elementor-icon-list-text\">Se especializa en mantener pautas de marca estrictas.<\/span>\n\t\t\t\t\t\t\t\t\t<\/li>\n\t\t\t\t\t\t\t\t<li class=\"elementor-icon-list-item\">\n\t\t\t\t\t\t\t\t\t\t\t<span class=\"elementor-icon-list-icon\">\n\t\t\t\t\t\t\t<svg aria-hidden=\"true\" class=\"e-font-icon-svg e-fas-chevron-circle-right\" viewbox=\"0 0 512 512\" xmlns=\"http:\/\/www.w3.org\/2000\/svg\"><path d=\"M256 8c137 0 248 111 248 248S393 504 256 504 8 393 8 256 119 8 256 8zm113.9 231L234.4 103.5c-9.4-9.4-24.6-9.4-33.9 0l-17 17c-9.4 9.4-9.4 24.6 0 33.9L285.1 256 183.5 357.6c-9.4 9.4-9.4 24.6 0 33.9l17 17c9.4 9.4 24.6 9.4 33.9 0L369.9 273c9.4-9.4 9.4-24.6 0-34z\"><\/path><\/svg>\t\t\t\t\t\t<\/span>\n\t\t\t\t\t\t\t\t\t\t<span class=\"elementor-icon-list-text\">Le encanta sumergirse en los datos para identificar estrategias efectivas.<\/span>\n\t\t\t\t\t\t\t\t\t<\/li>\n\t\t\t\t\t\t\t\t<li class=\"elementor-icon-list-item\">\n\t\t\t\t\t\t\t\t\t\t\t<span class=\"elementor-icon-list-icon\">\n\t\t\t\t\t\t\t<svg aria-hidden=\"true\" class=\"e-font-icon-svg e-fas-chevron-circle-right\" viewbox=\"0 0 512 512\" xmlns=\"http:\/\/www.w3.org\/2000\/svg\"><path d=\"M256 8c137 0 248 111 248 248S393 504 256 504 8 393 8 256 119 8 256 8zm113.9 231L234.4 103.5c-9.4-9.4-24.6-9.4-33.9 0l-17 17c-9.4 9.4-9.4 24.6 0 33.9L285.1 256 183.5 357.6c-9.4 9.4-9.4 24.6 0 33.9l17 17c9.4 9.4 24.6 9.4 33.9 0L369.9 273c9.4-9.4 9.4-24.6 0-34z\"><\/path><\/svg>\t\t\t\t\t\t<\/span>\n\t\t\t\t\t\t\t\t\t\t<span class=\"elementor-icon-list-text\">Practica la escalada en hielo y est\u00e1 certificado como socorrista de zonas remotas.<\/span>\n\t\t\t\t\t\t\t\t\t<\/li>\n\t\t\t\t\t\t<\/ul>\n\t\t\t\t\t\t<\/div>\n\t\t\t\t<div class=\"elementor-element elementor-element-6e41d3f elementor-widget elementor-widget-heading\" data-id=\"6e41d3f\" data-element_type=\"widget\" data-e-type=\"widget\" data-widget_type=\"heading.default\">\n\t\t\t\t\t<h4 class=\"elementor-heading-title elementor-size-default\">T\u00edtulos y certificaciones<\/h4>\t\t\t\t<\/div>\n\t\t\t\t<div class=\"elementor-element elementor-element-c58d39b elementor-icon-list--layout-traditional elementor-list-item-link-full_width elementor-widget elementor-widget-icon-list\" data-id=\"c58d39b\" data-element_type=\"widget\" data-e-type=\"widget\" data-widget_type=\"icon-list.default\">\n\t\t\t\t\t\t\t<ul class=\"elementor-icon-list-items\">\n\t\t\t\t\t\t\t<li class=\"elementor-icon-list-item\">\n\t\t\t\t\t\t\t\t\t\t\t<span class=\"elementor-icon-list-icon\">\n\t\t\t\t\t\t\t<svg aria-hidden=\"true\" class=\"e-font-icon-svg e-fas-chevron-circle-right\" viewbox=\"0 0 512 512\" xmlns=\"http:\/\/www.w3.org\/2000\/svg\"><path d=\"M256 8c137 0 248 111 248 248S393 504 256 504 8 393 8 256 119 8 256 8zm113.9 231L234.4 103.5c-9.4-9.4-24.6-9.4-33.9 0l-17 17c-9.4 9.4-9.4 24.6 0 33.9L285.1 256 183.5 357.6c-9.4 9.4-9.4 24.6 0 33.9l17 17c9.4 9.4 24.6 9.4 33.9 0L369.9 273c9.4-9.4 9.4-24.6 0-34z\"><\/path><\/svg>\t\t\t\t\t\t<\/span>\n\t\t\t\t\t\t\t\t\t\t<span class=\"elementor-icon-list-text\"><b>Master of Science, Software Development<br><\/b>Denver, CO<\/span>\n\t\t\t\t\t\t\t\t\t<\/li>\n\t\t\t\t\t\t\t\t<li class=\"elementor-icon-list-item\">\n\t\t\t\t\t\t\t\t\t\t\t<span class=\"elementor-icon-list-icon\">\n\t\t\t\t\t\t\t<svg aria-hidden=\"true\" class=\"e-font-icon-svg e-fas-chevron-circle-right\" viewbox=\"0 0 512 512\" xmlns=\"http:\/\/www.w3.org\/2000\/svg\"><path d=\"M256 8c137 0 248 111 248 248S393 504 256 504 8 393 8 256 119 8 256 8zm113.9 231L234.4 103.5c-9.4-9.4-24.6-9.4-33.9 0l-17 17c-9.4 9.4-9.4 24.6 0 33.9L285.1 256 183.5 357.6c-9.4 9.4-9.4 24.6 0 33.9l17 17c9.4 9.4 24.6 9.4 33.9 0L369.9 273c9.4-9.4 9.4-24.6 0-34z\"><\/path><\/svg>\t\t\t\t\t\t<\/span>\n\t\t\t\t\t\t\t\t\t\t<span class=\"elementor-icon-list-text\"><b>Master of Arts, Marketing<br><\/b>Poughkeepsie, NY<\/span>\n\t\t\t\t\t\t\t\t\t<\/li>\n\t\t\t\t\t\t\t\t<li class=\"elementor-icon-list-item\">\n\t\t\t\t\t\t\t\t\t\t\t<span class=\"elementor-icon-list-icon\">\n\t\t\t\t\t\t\t<svg aria-hidden=\"true\" class=\"e-font-icon-svg e-fas-chevron-circle-right\" viewbox=\"0 0 512 512\" xmlns=\"http:\/\/www.w3.org\/2000\/svg\"><path d=\"M256 8c137 0 248 111 248 248S393 504 256 504 8 393 8 256 119 8 256 8zm113.9 231L234.4 103.5c-9.4-9.4-24.6-9.4-33.9 0l-17 17c-9.4 9.4-9.4 24.6 0 33.9L285.1 256 183.5 357.6c-9.4 9.4-9.4 24.6 0 33.9l17 17c9.4 9.4 24.6 9.4 33.9 0L369.9 273c9.4-9.4 9.4-24.6 0-34z\"><\/path><\/svg>\t\t\t\t\t\t<\/span>\n\t\t\t\t\t\t\t\t\t\t<span class=\"elementor-icon-list-text\"><b>Bachelor of Fine Arts, Graphic Design<br><\/b>Stockton, CA<\/span>\n\t\t\t\t\t\t\t\t\t<\/li>\n\t\t\t\t\t\t<\/ul>\n\t\t\t\t\t\t<\/div>\n\t\t\t\t<\/div>\n\t\t\t\t<div class=\"elementor-element elementor-element-e27d871 elementor-align-left elementor-hidden-tablet elementor-hidden-mobile elementor-widget elementor-widget-button\" data-id=\"e27d871\" data-element_type=\"widget\" data-e-type=\"widget\" data-widget_type=\"button.default\">\n\t\t\t\t\t\t\t\t\t\t<a class=\"elementor-button elementor-button-link elementor-size-sm\" href=\"https:\/\/rationalunicorn.com\/es\/about-rational-unicorn\/our-team\/\">\n\t\t\t\t\t\t<span class=\"elementor-button-content-wrapper\">\n\t\t\t\t\t\t<span class=\"elementor-button-icon\">\n\t\t\t\t<svg aria-hidden=\"true\" class=\"e-font-icon-svg e-fas-arrow-left\" viewbox=\"0 0 448 512\" xmlns=\"http:\/\/www.w3.org\/2000\/svg\"><path d=\"M257.5 445.1l-22.2 22.2c-9.4 9.4-24.6 9.4-33.9 0L7 273c-9.4-9.4-9.4-24.6 0-33.9L201.4 44.7c9.4-9.4 24.6-9.4 33.9 0l22.2 22.2c9.5 9.5 9.3 25-.4 34.3L136.6 216H424c13.3 0 24 10.7 24 24v32c0 13.3-10.7 24-24 24H136.6l120.5 114.8c9.8 9.3 10 24.8.4 34.3z\"><\/path><\/svg>\t\t\t<\/span>\n\t\t\t\t\t\t\t\t\t<span class=\"elementor-button-text\">Volver al equipo<\/span>\n\t\t\t\t\t<\/span>\n\t\t\t\t\t<\/a>\n\t\t\t\t\t\t\t\t<\/div>\n\t\t\t\t<\/div>\n\t\t<div class=\"elementor-element elementor-element-43af002 e-con-full e-flex e-con e-child\" data-id=\"43af002\" data-element_type=\"container\" data-e-type=\"container\">\n\t\t\t\t<div class=\"elementor-element elementor-element-9c90668 elementor-widget elementor-widget-text-editor\" data-id=\"9c90668\" data-element_type=\"widget\" data-e-type=\"widget\" data-widget_type=\"text-editor.default\">\n\t\t\t\t\t\t\t\t\t<p><b>Maria Boyle ayuda a que el buen trabajo se manifieste tal como debe ser.<\/b><\/p>\n<p>Maria lidera las \u00e1reas de marca y marketing con reflexi\u00f3n e intencionalidad. Da forma a la estrategia, supervisa el trabajo creativo y colabora estrechamente con los equipos de relaciones p\u00fablicas y redacci\u00f3n para asegurar que cada punto de contacto mantenga la cohesi\u00f3n y se mantenga fiel a la esencia de la firma. Ella integra simult\u00e1neamente la visi\u00f3n y la ejecuci\u00f3n, contribuyendo a definir la marca, perfeccionar su presencia y construir los sistemas que sustentan su crecimiento. Al fundamentar su enfoque en la autenticidad y la transparencia, el trabajo de Maria invita a personas de los m\u00e1s diversos or\u00edgenes a entablar una conversaci\u00f3n genuina.<\/p>\n<p>Maria ha liderado las \u00e1reas de marketing y creatividad en diversas organizaciones deportivas profesionales. Su trabajo de dise\u00f1o para la MiLB fue destacado en ESPN. La estrategia de redes sociales que desarroll\u00f3 para la WNBA gener\u00f3 un aumento del 400 % en la interacci\u00f3n y obtuvo cobertura en medios de comunicaci\u00f3n de todo el pa\u00eds. Ha colaborado con marcas como Snapchat y ha aportado su distintivo alcance estrat\u00e9gico a proyectos de desarrollo web para empresas de las listas Fortune 100 y Fortune 500.<\/p>\n<p>Con el tiempo, el enfoque de Mar\u00eda se orient\u00f3 hacia organizaciones m\u00e1s peque\u00f1as y hacia un trabajo m\u00e1s alineado con sus valores. Fund\u00f3 Cozort Creative Group para ayudar a peque\u00f1as empresas y a aquellas propiedad de minor\u00edas a definir su marca, afinar su posicionamiento y crear sistemas que respalden su crecimiento. <\/p>\n<p>Cuando se desconecta del trabajo, Mar\u00eda sale al aire libre o se relaja tejiendo a ganchillo y jugando con sus perros. No le resultan ajenos los viajes de mochilero en solitario por pa\u00edses nuevos. Dado que la comunidad es el coraz\u00f3n de su labor, Mar\u00eda echa una mano durante las fiestas en los bancos de alimentos locales. Tambi\u00e9n es una \u00abhermana mayor\u00bb entregada en la organizaci\u00f3n Big Brothers Big Sisters of America.<\/p>\t\t\t\t\t\t\t\t<\/div>\n\t\t\t\t<div class=\"elementor-element elementor-element-6ad58d5 elementor-align-left elementor-hidden-desktop elementor-widget elementor-widget-button\" data-id=\"6ad58d5\" data-element_type=\"widget\" data-e-type=\"widget\" data-widget_type=\"button.default\">\n\t\t\t\t\t\t\t\t\t\t<a class=\"elementor-button elementor-button-link elementor-size-sm\" href=\"https:\/\/rationalunicorn.com\/es\/about-rational-unicorn\/our-team\/\">\n\t\t\t\t\t\t<span class=\"elementor-button-content-wrapper\">\n\t\t\t\t\t\t<span class=\"elementor-button-icon\">\n\t\t\t\t<svg aria-hidden=\"true\" class=\"e-font-icon-svg e-fas-arrow-left\" viewbox=\"0 0 448 512\" xmlns=\"http:\/\/www.w3.org\/2000\/svg\"><path d=\"M257.5 445.1l-22.2 22.2c-9.4 9.4-24.6 9.4-33.9 0L7 273c-9.4-9.4-9.4-24.6 0-33.9L201.4 44.7c9.4-9.4 24.6-9.4 33.9 0l22.2 22.2c9.5 9.5 9.3 25-.4 34.3L136.6 216H424c13.3 0 24 10.7 24 24v32c0 13.3-10.7 24-24 24H136.6l120.5 114.8c9.8 9.3 10 24.8.4 34.3z\"><\/path><\/svg>\t\t\t<\/span>\n\t\t\t\t\t\t\t\t\t<span class=\"elementor-button-text\">Volver al equipo<\/span>\n\t\t\t\t\t<\/span>\n\t\t\t\t\t<\/a>\n\t\t\t\t\t\t\t\t<\/div>\n\t\t\t\t<\/div>\n\t\t\t\t\t<\/div>\n\t\t\t\t<\/div>\n\t\t\t\t<\/div>","protected":false},"excerpt":{"rendered":"<p>Maria B. she\/her Brand Manager Specializes in keeping tight brand guidelines Loves diving into data to pinpoint effective strategies Ice climbs and is certified as a Wilderness First Responder Degrees &amp; Certifications Master of Science, Software DevelopmentDenver, CO Master of Arts, MarketingPoughkeepsie, NY Bachelor of Fine Arts, Graphic DesignStockton, CA Back to Team Maria Boyle [&hellip;]<\/p>\n","protected":false},"author":2,"featured_media":577,"parent":568,"menu_order":0,"comment_status":"closed","ping_status":"closed","template":"","meta":{"footnotes":"","_links_to":"","_links_to_target":""},"class_list":["post-640","page","type-page","status-publish","has-post-thumbnail","hentry"],"yoast_head":"<!-- This site is optimized with the Yoast SEO plugin v27.4 - https:\/\/yoast.com\/product\/yoast-seo-wordpress\/ -->\n<title>Maria B - Rational Unicorn Legal Services<\/title>\n<meta name=\"robots\" content=\"index, follow, max-snippet:-1, max-image-preview:large, max-video-preview:-1\" \/>\n<link rel=\"canonical\" href=\"https:\/\/rationalunicorn.com\/es\/our-team\/maria-b\/\" \/>\n<meta property=\"og:locale\" content=\"es_MX\" \/>\n<meta property=\"og:type\" content=\"article\" \/>\n<meta property=\"og:title\" content=\"Maria B - Rational Unicorn Legal Services\" \/>\n<meta property=\"og:description\" content=\"Maria B. she\/her Brand Manager Specializes in keeping tight brand guidelines Loves diving into data to pinpoint effective strategies Ice climbs and is certified as a Wilderness First Responder Degrees &amp; Certifications Master of Science, Software DevelopmentDenver, CO Master of Arts, MarketingPoughkeepsie, NY Bachelor of Fine Arts, Graphic DesignStockton, CA Back to Team Maria Boyle [&hellip;]\" \/>\n<meta property=\"og:url\" content=\"https:\/\/rationalunicorn.com\/es\/our-team\/maria-b\/\" \/>\n<meta property=\"og:site_name\" content=\"Rational Unicorn Legal Services\" \/>\n<meta property=\"article:publisher\" content=\"https:\/\/www.facebook.com\/rationalunicornlegalservices\" \/>\n<meta property=\"article:modified_time\" content=\"2026-03-25T01:34:09+00:00\" \/>\n<meta property=\"og:image\" content=\"https:\/\/rationalunicorn.com\/wp-content\/uploads\/2026\/03\/maria.jpg\" \/>\n\t<meta property=\"og:image:width\" content=\"750\" \/>\n\t<meta property=\"og:image:height\" content=\"1000\" \/>\n\t<meta property=\"og:image:type\" content=\"image\/jpeg\" \/>\n<meta name=\"twitter:card\" content=\"summary_large_image\" \/>\n<meta name=\"twitter:label1\" content=\"Tiempo de lectura\" \/>\n\t<meta name=\"twitter:data1\" content=\"2 minutos\" \/>\n<script type=\"application\/ld+json\" class=\"yoast-schema-graph\">{\"@context\":\"https:\\\/\\\/schema.org\",\"@graph\":[{\"@type\":\"WebPage\",\"@id\":\"https:\\\/\\\/rationalunicorn.com\\\/our-team\\\/maria-b\\\/\",\"url\":\"https:\\\/\\\/rationalunicorn.com\\\/our-team\\\/maria-b\\\/\",\"name\":\"Maria B - Rational Unicorn Legal Services\",\"isPartOf\":{\"@id\":\"https:\\\/\\\/rationalunicorn.com\\\/#website\"},\"primaryImageOfPage\":{\"@id\":\"https:\\\/\\\/rationalunicorn.com\\\/our-team\\\/maria-b\\\/#primaryimage\"},\"image\":{\"@id\":\"https:\\\/\\\/rationalunicorn.com\\\/our-team\\\/maria-b\\\/#primaryimage\"},\"thumbnailUrl\":\"https:\\\/\\\/rationalunicorn.com\\\/wp-content\\\/uploads\\\/2026\\\/03\\\/maria.jpg\",\"datePublished\":\"2026-03-19T23:20:55+00:00\",\"dateModified\":\"2026-03-25T01:34:09+00:00\",\"breadcrumb\":{\"@id\":\"https:\\\/\\\/rationalunicorn.com\\\/our-team\\\/maria-b\\\/#breadcrumb\"},\"inLanguage\":\"es\",\"potentialAction\":[{\"@type\":\"ReadAction\",\"target\":[\"https:\\\/\\\/rationalunicorn.com\\\/our-team\\\/maria-b\\\/\"]}]},{\"@type\":\"ImageObject\",\"inLanguage\":\"es\",\"@id\":\"https:\\\/\\\/rationalunicorn.com\\\/our-team\\\/maria-b\\\/#primaryimage\",\"url\":\"https:\\\/\\\/rationalunicorn.com\\\/wp-content\\\/uploads\\\/2026\\\/03\\\/maria.jpg\",\"contentUrl\":\"https:\\\/\\\/rationalunicorn.com\\\/wp-content\\\/uploads\\\/2026\\\/03\\\/maria.jpg\",\"width\":750,\"height\":1000},{\"@type\":\"BreadcrumbList\",\"@id\":\"https:\\\/\\\/rationalunicorn.com\\\/our-team\\\/maria-b\\\/#breadcrumb\",\"itemListElement\":[{\"@type\":\"ListItem\",\"position\":1,\"name\":\"Home\",\"item\":\"https:\\\/\\\/rationalunicorn.com\\\/\"},{\"@type\":\"ListItem\",\"position\":2,\"name\":\"Our Team\",\"item\":\"https:\\\/\\\/rationalunicorn.com\\\/our-team\\\/\"},{\"@type\":\"ListItem\",\"position\":3,\"name\":\"Maria B\"}]},{\"@type\":\"WebSite\",\"@id\":\"https:\\\/\\\/rationalunicorn.com\\\/#website\",\"url\":\"https:\\\/\\\/rationalunicorn.com\\\/\",\"name\":\"Rational Unicorn Legal Services\",\"description\":\"Uncommonly Possible\",\"publisher\":{\"@id\":\"https:\\\/\\\/rationalunicorn.com\\\/#organization\"},\"potentialAction\":[{\"@type\":\"SearchAction\",\"target\":{\"@type\":\"EntryPoint\",\"urlTemplate\":\"https:\\\/\\\/rationalunicorn.com\\\/?s={search_term_string}\"},\"query-input\":{\"@type\":\"PropertyValueSpecification\",\"valueRequired\":true,\"valueName\":\"search_term_string\"}}],\"inLanguage\":\"es\"},{\"@type\":\"Organization\",\"@id\":\"https:\\\/\\\/rationalunicorn.com\\\/#organization\",\"name\":\"Rational Unicorn Legal Services\",\"url\":\"https:\\\/\\\/rationalunicorn.com\\\/\",\"logo\":{\"@type\":\"ImageObject\",\"inLanguage\":\"es\",\"@id\":\"https:\\\/\\\/rationalunicorn.com\\\/#\\\/schema\\\/logo\\\/image\\\/\",\"url\":\"https:\\\/\\\/rationalunicorn.com\\\/wp-content\\\/uploads\\\/2026\\\/01\\\/RU-Horizontal-Logo_MAINTL.jpg\",\"contentUrl\":\"https:\\\/\\\/rationalunicorn.com\\\/wp-content\\\/uploads\\\/2026\\\/01\\\/RU-Horizontal-Logo_MAINTL.jpg\",\"width\":730,\"height\":205,\"caption\":\"Rational Unicorn Legal Services\"},\"image\":{\"@id\":\"https:\\\/\\\/rationalunicorn.com\\\/#\\\/schema\\\/logo\\\/image\\\/\"},\"sameAs\":[\"https:\\\/\\\/www.facebook.com\\\/rationalunicornlegalservices\",\"https:\\\/\\\/www.instagram.com\\\/rationalunicornlegalservices\\\/\"]}]}<\/script>\n<!-- \/ Yoast SEO plugin. -->","yoast_head_json":{"title":"Maria B - Rational Unicorn Legal Services","robots":{"index":"index","follow":"follow","max-snippet":"max-snippet:-1","max-image-preview":"max-image-preview:large","max-video-preview":"max-video-preview:-1"},"canonical":"https:\/\/rationalunicorn.com\/es\/our-team\/maria-b\/","og_locale":"es_MX","og_type":"article","og_title":"Maria B - Rational Unicorn Legal Services","og_description":"Maria B. she\/her Brand Manager Specializes in keeping tight brand guidelines Loves diving into data to pinpoint effective strategies Ice climbs and is certified as a Wilderness First Responder Degrees &amp; Certifications Master of Science, Software DevelopmentDenver, CO Master of Arts, MarketingPoughkeepsie, NY Bachelor of Fine Arts, Graphic DesignStockton, CA Back to Team Maria Boyle [&hellip;]","og_url":"https:\/\/rationalunicorn.com\/es\/our-team\/maria-b\/","og_site_name":"Rational Unicorn Legal Services","article_publisher":"https:\/\/www.facebook.com\/rationalunicornlegalservices","article_modified_time":"2026-03-25T01:34:09+00:00","og_image":[{"width":750,"height":1000,"url":"https:\/\/rationalunicorn.com\/wp-content\/uploads\/2026\/03\/maria.jpg","type":"image\/jpeg"}],"twitter_card":"summary_large_image","twitter_misc":{"Tiempo de lectura":"2 minutos"},"schema":{"@context":"https:\/\/schema.org","@graph":[{"@type":"WebPage","@id":"https:\/\/rationalunicorn.com\/our-team\/maria-b\/","url":"https:\/\/rationalunicorn.com\/our-team\/maria-b\/","name":"Maria B - Rational Unicorn Legal Services","isPartOf":{"@id":"https:\/\/rationalunicorn.com\/#website"},"primaryImageOfPage":{"@id":"https:\/\/rationalunicorn.com\/our-team\/maria-b\/#primaryimage"},"image":{"@id":"https:\/\/rationalunicorn.com\/our-team\/maria-b\/#primaryimage"},"thumbnailUrl":"https:\/\/rationalunicorn.com\/wp-content\/uploads\/2026\/03\/maria.jpg","datePublished":"2026-03-19T23:20:55+00:00","dateModified":"2026-03-25T01:34:09+00:00","breadcrumb":{"@id":"https:\/\/rationalunicorn.com\/our-team\/maria-b\/#breadcrumb"},"inLanguage":"es","potentialAction":[{"@type":"ReadAction","target":["https:\/\/rationalunicorn.com\/our-team\/maria-b\/"]}]},{"@type":"ImageObject","inLanguage":"es","@id":"https:\/\/rationalunicorn.com\/our-team\/maria-b\/#primaryimage","url":"https:\/\/rationalunicorn.com\/wp-content\/uploads\/2026\/03\/maria.jpg","contentUrl":"https:\/\/rationalunicorn.com\/wp-content\/uploads\/2026\/03\/maria.jpg","width":750,"height":1000},{"@type":"BreadcrumbList","@id":"https:\/\/rationalunicorn.com\/our-team\/maria-b\/#breadcrumb","itemListElement":[{"@type":"ListItem","position":1,"name":"Home","item":"https:\/\/rationalunicorn.com\/"},{"@type":"ListItem","position":2,"name":"Our Team","item":"https:\/\/rationalunicorn.com\/our-team\/"},{"@type":"ListItem","position":3,"name":"Maria B"}]},{"@type":"WebSite","@id":"https:\/\/rationalunicorn.com\/#website","url":"https:\/\/rationalunicorn.com\/","name":"Rational Unicorn Legal Services","description":"Pensado para ser diferente","publisher":{"@id":"https:\/\/rationalunicorn.com\/#organization"},"potentialAction":[{"@type":"SearchAction","target":{"@type":"EntryPoint","urlTemplate":"https:\/\/rationalunicorn.com\/?s={search_term_string}"},"query-input":{"@type":"PropertyValueSpecification","valueRequired":true,"valueName":"search_term_string"}}],"inLanguage":"es"},{"@type":"Organization","@id":"https:\/\/rationalunicorn.com\/#organization","name":"Rational Unicorn Legal Services","url":"https:\/\/rationalunicorn.com\/","logo":{"@type":"ImageObject","inLanguage":"es","@id":"https:\/\/rationalunicorn.com\/#\/schema\/logo\/image\/","url":"https:\/\/rationalunicorn.com\/wp-content\/uploads\/2026\/01\/RU-Horizontal-Logo_MAINTL.jpg","contentUrl":"https:\/\/rationalunicorn.com\/wp-content\/uploads\/2026\/01\/RU-Horizontal-Logo_MAINTL.jpg","width":730,"height":205,"caption":"Rational Unicorn Legal Services"},"image":{"@id":"https:\/\/rationalunicorn.com\/#\/schema\/logo\/image\/"},"sameAs":["https:\/\/www.facebook.com\/rationalunicornlegalservices","https:\/\/www.instagram.com\/rationalunicornlegalservices\/"]}]}},"_links":{"self":[{"href":"https:\/\/rationalunicorn.com\/es\/wp-json\/wp\/v2\/pages\/640","targetHints":{"allow":["GET"]}}],"collection":[{"href":"https:\/\/rationalunicorn.com\/es\/wp-json\/wp\/v2\/pages"}],"about":[{"href":"https:\/\/rationalunicorn.com\/es\/wp-json\/wp\/v2\/types\/page"}],"author":[{"embeddable":true,"href":"https:\/\/rationalunicorn.com\/es\/wp-json\/wp\/v2\/users\/2"}],"replies":[{"embeddable":true,"href":"https:\/\/rationalunicorn.com\/es\/wp-json\/wp\/v2\/comments?post=640"}],"version-history":[{"count":13,"href":"https:\/\/rationalunicorn.com\/es\/wp-json\/wp\/v2\/pages\/640\/revisions"}],"predecessor-version":[{"id":767,"href":"https:\/\/rationalunicorn.com\/es\/wp-json\/wp\/v2\/pages\/640\/revisions\/767"}],"up":[{"embeddable":true,"href":"https:\/\/rationalunicorn.com\/es\/wp-json\/wp\/v2\/pages\/568"}],"wp:featuredmedia":[{"embeddable":true,"href":"https:\/\/rationalunicorn.com\/es\/wp-json\/wp\/v2\/media\/577"}],"wp:attachment":[{"href":"https:\/\/rationalunicorn.com\/es\/wp-json\/wp\/v2\/media?parent=640"}],"curies":[{"name":"wp","href":"https:\/\/api.w.org\/{rel}","templated":true}]}}