{"id":630,"date":"2026-03-19T23:15:59","date_gmt":"2026-03-19T23:15:59","guid":{"rendered":"https:\/\/rationalunicorn.com\/?page_id=630"},"modified":"2026-03-25T01:34:27","modified_gmt":"2026-03-25T01:34:27","slug":"parrish-jones","status":"publish","type":"page","link":"https:\/\/rationalunicorn.com\/es\/our-team\/parrish-jones\/","title":{"rendered":"Parrish Jones"},"content":{"rendered":"<div data-elementor-type=\"wp-page\" data-elementor-id=\"630\" class=\"elementor elementor-630\" data-elementor-post-type=\"page\">\n\t\t\t\t<div class=\"elementor-element elementor-element-97a5562 e-flex e-con-boxed e-con e-parent\" data-id=\"97a5562\" data-element_type=\"container\" data-e-type=\"container\" data-settings=\"{&quot;background_background&quot;:&quot;classic&quot;}\">\n\t\t\t\t\t<div class=\"e-con-inner\">\n\t\t<div class=\"elementor-element elementor-element-7f1aaa0 e-con-full e-flex e-con e-child\" data-id=\"7f1aaa0\" data-element_type=\"container\" data-e-type=\"container\">\n\t\t\t\t<div class=\"elementor-element elementor-element-50e1733 elementor-widget elementor-widget-image\" data-id=\"50e1733\" data-element_type=\"widget\" data-e-type=\"widget\" data-widget_type=\"image.default\">\n\t\t\t\t\t\t\t\t\t\t\t\t\t\t\t<img fetchpriority=\"high\" decoding=\"async\" width=\"800\" height=\"1019\" src=\"https:\/\/rationalunicorn.com\/wp-content\/uploads\/2026\/03\/parrish-804x1024.webp\" class=\"attachment-large size-large wp-image-575\" alt=\"\" srcset=\"https:\/\/rationalunicorn.com\/wp-content\/uploads\/2026\/03\/parrish-804x1024.webp 804w, https:\/\/rationalunicorn.com\/wp-content\/uploads\/2026\/03\/parrish-236x300.webp 236w, https:\/\/rationalunicorn.com\/wp-content\/uploads\/2026\/03\/parrish-768x978.webp 768w, https:\/\/rationalunicorn.com\/wp-content\/uploads\/2026\/03\/parrish-1206x1536.webp 1206w, https:\/\/rationalunicorn.com\/wp-content\/uploads\/2026\/03\/parrish-1608x2048.webp 1608w, https:\/\/rationalunicorn.com\/wp-content\/uploads\/2026\/03\/parrish-9x12.webp 9w, https:\/\/rationalunicorn.com\/wp-content\/uploads\/2026\/03\/parrish-scaled.webp 2010w\" sizes=\"(max-width: 800px) 100vw, 800px\" \/>\t\t\t\t\t\t\t\t\t\t\t\t\t\t\t<\/div>\n\t\t\t\t<\/div>\n\t\t<div class=\"elementor-element elementor-element-bc60bde e-con-full e-flex e-con e-child\" data-id=\"bc60bde\" data-element_type=\"container\" data-e-type=\"container\">\n\t\t<div class=\"elementor-element elementor-element-008de0d e-con-full e-flex e-con e-child\" data-id=\"008de0d\" data-element_type=\"container\" data-e-type=\"container\">\n\t\t\t\t<div class=\"elementor-element elementor-element-3a1803e elementor-widget elementor-widget-heading\" data-id=\"3a1803e\" data-element_type=\"widget\" data-e-type=\"widget\" data-widget_type=\"heading.default\">\n\t\t\t\t\t<h1 class=\"elementor-heading-title elementor-size-default\">Parrish Jones<\/h1>\t\t\t\t<\/div>\n\t\t\t\t<div class=\"elementor-element elementor-element-d4d937b elementor-widget elementor-widget-heading\" data-id=\"d4d937b\" data-element_type=\"widget\" data-e-type=\"widget\" data-widget_type=\"heading.default\">\n\t\t\t\t\t<h4 class=\"elementor-heading-title elementor-size-default\">he\/him<\/h4>\t\t\t\t<\/div>\n\t\t\t\t<\/div>\n\t\t\t\t<div class=\"elementor-element elementor-element-2fe2632 elementor-widget elementor-widget-heading\" data-id=\"2fe2632\" data-element_type=\"widget\" data-e-type=\"widget\" data-widget_type=\"heading.default\">\n\t\t\t\t\t<h4 class=\"elementor-heading-title elementor-size-default\">Cumplimiento fiscal y asesoramiento empresarial\n\n<\/h4>\t\t\t\t<\/div>\n\t\t\t\t<\/div>\n\t\t\t\t\t<\/div>\n\t\t\t\t<\/div>\n\t\t<div class=\"elementor-element elementor-element-ab1be0f e-flex e-con-boxed e-con e-parent\" data-id=\"ab1be0f\" data-element_type=\"container\" data-e-type=\"container\">\n\t\t\t\t\t<div class=\"e-con-inner\">\n\t\t<div class=\"elementor-element elementor-element-5663368 e-con-full e-flex e-con e-child\" data-id=\"5663368\" data-element_type=\"container\" data-e-type=\"container\">\n\t\t<div class=\"elementor-element elementor-element-18c8314 e-con-full e-flex e-con e-child\" data-id=\"18c8314\" data-element_type=\"container\" data-e-type=\"container\">\n\t\t\t\t<div class=\"elementor-element elementor-element-02b5e2d elementor-widget elementor-widget-heading\" data-id=\"02b5e2d\" data-element_type=\"widget\" data-e-type=\"widget\" data-widget_type=\"heading.default\">\n\t\t\t\t\t<h4 class=\"elementor-heading-title elementor-size-default\">T\u00edtulos y certificaciones\n<\/h4>\t\t\t\t<\/div>\n\t\t\t\t<div class=\"elementor-element elementor-element-669aeb4 elementor-icon-list--layout-traditional elementor-list-item-link-full_width elementor-widget elementor-widget-icon-list\" data-id=\"669aeb4\" data-element_type=\"widget\" data-e-type=\"widget\" data-widget_type=\"icon-list.default\">\n\t\t\t\t\t\t\t<ul class=\"elementor-icon-list-items\">\n\t\t\t\t\t\t\t<li class=\"elementor-icon-list-item\">\n\t\t\t\t\t\t\t\t\t\t\t<span class=\"elementor-icon-list-icon\">\n\t\t\t\t\t\t\t<svg aria-hidden=\"true\" class=\"e-font-icon-svg e-fas-chevron-circle-right\" viewbox=\"0 0 512 512\" xmlns=\"http:\/\/www.w3.org\/2000\/svg\"><path d=\"M256 8c137 0 248 111 248 248S393 504 256 504 8 393 8 256 119 8 256 8zm113.9 231L234.4 103.5c-9.4-9.4-24.6-9.4-33.9 0l-17 17c-9.4 9.4-9.4 24.6 0 33.9L285.1 256 183.5 357.6c-9.4 9.4-9.4 24.6 0 33.9l17 17c9.4 9.4 24.6 9.4 33.9 0L369.9 273c9.4-9.4 9.4-24.6 0-34z\"><\/path><\/svg>\t\t\t\t\t\t<\/span>\n\t\t\t\t\t\t\t\t\t\t<span class=\"elementor-icon-list-text\"><b>Bachelor of Arts, Business Administration<\/b>  <br>Seattle University's Albers School of Business, WA<\/span>\n\t\t\t\t\t\t\t\t\t<\/li>\n\t\t\t\t\t\t<\/ul>\n\t\t\t\t\t\t<\/div>\n\t\t\t\t<\/div>\n\t\t\t\t<div class=\"elementor-element elementor-element-3622071 elementor-align-left elementor-hidden-tablet elementor-hidden-mobile elementor-widget elementor-widget-button\" data-id=\"3622071\" data-element_type=\"widget\" data-e-type=\"widget\" data-widget_type=\"button.default\">\n\t\t\t\t\t\t\t\t\t\t<a class=\"elementor-button elementor-button-link elementor-size-sm\" href=\"https:\/\/rationalunicorn.com\/es\/about-rational-unicorn\/our-team\/\">\n\t\t\t\t\t\t<span class=\"elementor-button-content-wrapper\">\n\t\t\t\t\t\t<span class=\"elementor-button-icon\">\n\t\t\t\t<svg aria-hidden=\"true\" class=\"e-font-icon-svg e-fas-arrow-left\" viewbox=\"0 0 448 512\" xmlns=\"http:\/\/www.w3.org\/2000\/svg\"><path d=\"M257.5 445.1l-22.2 22.2c-9.4 9.4-24.6 9.4-33.9 0L7 273c-9.4-9.4-9.4-24.6 0-33.9L201.4 44.7c9.4-9.4 24.6-9.4 33.9 0l22.2 22.2c9.5 9.5 9.3 25-.4 34.3L136.6 216H424c13.3 0 24 10.7 24 24v32c0 13.3-10.7 24-24 24H136.6l120.5 114.8c9.8 9.3 10 24.8.4 34.3z\"><\/path><\/svg>\t\t\t<\/span>\n\t\t\t\t\t\t\t\t\t<span class=\"elementor-button-text\">Volver al equipo<\/span>\n\t\t\t\t\t<\/span>\n\t\t\t\t\t<\/a>\n\t\t\t\t\t\t\t\t<\/div>\n\t\t\t\t<\/div>\n\t\t<div class=\"elementor-element elementor-element-5f068e4 e-con-full e-flex e-con e-child\" data-id=\"5f068e4\" data-element_type=\"container\" data-e-type=\"container\">\n\t\t\t\t<div class=\"elementor-element elementor-element-ae9124f elementor-widget elementor-widget-text-editor\" data-id=\"ae9124f\" data-element_type=\"widget\" data-e-type=\"widget\" data-widget_type=\"text-editor.default\">\n\t\t\t\t\t\t\t\t\t<p><b>Parrish Jones nunca ha sido de los que resuelven el problema de hoy a expensas del de ma\u00f1ana.<\/b><\/p>\n<p>Parrish trabaja con emprendedores y peque\u00f1as empresas para desmitificar y gestionar la estrategia fiscal, el cumplimiento normativo y las decisiones financieras complejas. Escucha atentamente antes de ofrecer orientaci\u00f3n, buscando comprender el panorama completo antes de brindar asesoramiento. Parrish no toma atajos; por el contrario, se rige por una filosof\u00eda sencilla: la forma en que haces cualquier cosa es la forma en que lo haces todo. Ya sea que un negocio sea totalmente nuevo o est\u00e9 alcanzando nuevas cimas, las perspectivas de Parrish se fundamentan en la experiencia del mundo real y en un compromiso con un crecimiento responsable y guiado por valores. Parrish cree firmemente que las empresas s\u00f3lidas pueden construir comunidades a\u00fan m\u00e1s fuertes.<\/p>\n<p>Parrish posee una Licenciatura en Administraci\u00f3n de Empresas con especializaci\u00f3n en Finanzas, obtenida en la Albers School of Business de la Universidad de Seattle, y ampli\u00f3 sus estudios en Contabilidad en la Central Washington University. Sin embargo, la formaci\u00f3n que m\u00e1s lo molde\u00f3 provino del trabajo dentro de empresas en crecimiento.<\/p>\n<p>Parrish dedic\u00f3 d\u00e9cadas a guiar a empresas a trav\u00e9s de las complejidades financieras, operativas y fiscales inherentes al crecimiento. Ha desempe\u00f1ado los cargos de CEO, CFO y COO en diversos sectores, tanto a nivel nacional como internacional. Como socio de una firma de contabilidad p\u00fablica \u2014donde dirigi\u00f3 las \u00e1reas de asesoramiento empresarial y fiscal\u2014, Parrish brind\u00f3 servicios a empresas emergentes y de tama\u00f1o mediano mediante estrategias personalizadas orientadas a garantizar su salud financiera y excelencia operativa. Las empresas que han estado bajo su direcci\u00f3n financiera han captado m\u00e1s de 90 millones de d\u00f3lares en financiaci\u00f3n mediante capital y deuda. <\/p>\n<p>Esas experiencias le ense\u00f1aron algo que aplica en cada interacci\u00f3n con sus clientes: las decisiones rara vez son hechos aislados. Afectan a las personas, la cultura, la exposici\u00f3n al riesgo y la solidez a largo plazo de todo aquello por lo que trabaja un fundador. Le apasiona especialmente ayudar a los emprendedores \u2014que utilizan sus negocios como una fuerza para el bien\u2014 a construir cimientos financieros s\u00f3lidos y a escalar con intencionalidad. <\/p>\n<p>Parrish encuentra un sentido de arraigo tanto en la velocidad como en la quietud. A menudo se le ve en la carretera abierta conduciendo su Triumph caf\u00e9 racer o relaj\u00e1ndose junto al agua. Cuando no est\u00e1 persiguiendo su pr\u00f3ximo desaf\u00edo o dominando una nueva habilidad, se encuentra en las gradas, animando con orgullo a sus hijos. <\/p>\t\t\t\t\t\t\t\t<\/div>\n\t\t\t\t<div class=\"elementor-element elementor-element-5ec3dc1 elementor-align-left elementor-hidden-desktop elementor-widget elementor-widget-button\" data-id=\"5ec3dc1\" data-element_type=\"widget\" data-e-type=\"widget\" data-widget_type=\"button.default\">\n\t\t\t\t\t\t\t\t\t\t<a class=\"elementor-button elementor-button-link elementor-size-sm\" href=\"https:\/\/rationalunicorn.com\/es\/about-rational-unicorn\/our-team\/\">\n\t\t\t\t\t\t<span class=\"elementor-button-content-wrapper\">\n\t\t\t\t\t\t<span class=\"elementor-button-icon\">\n\t\t\t\t<svg aria-hidden=\"true\" class=\"e-font-icon-svg e-fas-arrow-left\" viewbox=\"0 0 448 512\" xmlns=\"http:\/\/www.w3.org\/2000\/svg\"><path d=\"M257.5 445.1l-22.2 22.2c-9.4 9.4-24.6 9.4-33.9 0L7 273c-9.4-9.4-9.4-24.6 0-33.9L201.4 44.7c9.4-9.4 24.6-9.4 33.9 0l22.2 22.2c9.5 9.5 9.3 25-.4 34.3L136.6 216H424c13.3 0 24 10.7 24 24v32c0 13.3-10.7 24-24 24H136.6l120.5 114.8c9.8 9.3 10 24.8.4 34.3z\"><\/path><\/svg>\t\t\t<\/span>\n\t\t\t\t\t\t\t\t\t<span class=\"elementor-button-text\">Volver al equipo<\/span>\n\t\t\t\t\t<\/span>\n\t\t\t\t\t<\/a>\n\t\t\t\t\t\t\t\t<\/div>\n\t\t\t\t<\/div>\n\t\t\t\t\t<\/div>\n\t\t\t\t<\/div>\n\t\t\t\t<\/div>","protected":false},"excerpt":{"rendered":"<p>Parrish Jones he\/him Tax Compliance &amp; Business Advisory Degrees + Certifications Bachelor of Arts, Business Administration Seattle University&#8217;s Albers School of Business, WA Back to Team Parrish Jones has never been one to solve today&#8217;s problem at the expense of tomorrow&#8217;s. Parrish works with entrepreneurs and small businesses to demystify and navigate tax strategy, compliance, [&hellip;]<\/p>\n","protected":false},"author":2,"featured_media":575,"parent":568,"menu_order":0,"comment_status":"closed","ping_status":"closed","template":"","meta":{"footnotes":"","_links_to":"","_links_to_target":""},"class_list":["post-630","page","type-page","status-publish","has-post-thumbnail","hentry"],"yoast_head":"<!-- This site is optimized with the Yoast SEO plugin v27.4 - https:\/\/yoast.com\/product\/yoast-seo-wordpress\/ -->\n<title>Parrish Jones - Rational Unicorn Legal Services<\/title>\n<meta name=\"robots\" content=\"index, follow, max-snippet:-1, max-image-preview:large, max-video-preview:-1\" \/>\n<link rel=\"canonical\" href=\"https:\/\/rationalunicorn.com\/es\/our-team\/parrish-jones\/\" \/>\n<meta property=\"og:locale\" content=\"es_MX\" \/>\n<meta property=\"og:type\" content=\"article\" \/>\n<meta property=\"og:title\" content=\"Parrish Jones - Rational Unicorn Legal Services\" \/>\n<meta property=\"og:description\" content=\"Parrish Jones he\/him Tax Compliance &amp; Business Advisory Degrees + Certifications Bachelor of Arts, Business Administration Seattle University&#8217;s Albers School of Business, WA Back to Team Parrish Jones has never been one to solve today&#8217;s problem at the expense of tomorrow&#8217;s. Parrish works with entrepreneurs and small businesses to demystify and navigate tax strategy, compliance, [&hellip;]\" \/>\n<meta property=\"og:url\" content=\"https:\/\/rationalunicorn.com\/es\/our-team\/parrish-jones\/\" \/>\n<meta property=\"og:site_name\" content=\"Rational Unicorn Legal Services\" \/>\n<meta property=\"article:publisher\" content=\"https:\/\/www.facebook.com\/rationalunicornlegalservices\" \/>\n<meta property=\"article:modified_time\" content=\"2026-03-25T01:34:27+00:00\" \/>\n<meta property=\"og:image\" content=\"https:\/\/rationalunicorn.com\/wp-content\/uploads\/2026\/03\/parrish-scaled.webp\" \/>\n\t<meta property=\"og:image:width\" content=\"2010\" \/>\n\t<meta property=\"og:image:height\" content=\"2560\" \/>\n\t<meta property=\"og:image:type\" content=\"image\/webp\" \/>\n<meta name=\"twitter:card\" content=\"summary_large_image\" \/>\n<meta name=\"twitter:label1\" content=\"Tiempo de lectura\" \/>\n\t<meta name=\"twitter:data1\" content=\"2 minutos\" \/>\n<script type=\"application\/ld+json\" class=\"yoast-schema-graph\">{\"@context\":\"https:\\\/\\\/schema.org\",\"@graph\":[{\"@type\":\"WebPage\",\"@id\":\"https:\\\/\\\/rationalunicorn.com\\\/our-team\\\/parrish-jones\\\/\",\"url\":\"https:\\\/\\\/rationalunicorn.com\\\/our-team\\\/parrish-jones\\\/\",\"name\":\"Parrish Jones - Rational Unicorn Legal Services\",\"isPartOf\":{\"@id\":\"https:\\\/\\\/rationalunicorn.com\\\/#website\"},\"primaryImageOfPage\":{\"@id\":\"https:\\\/\\\/rationalunicorn.com\\\/our-team\\\/parrish-jones\\\/#primaryimage\"},\"image\":{\"@id\":\"https:\\\/\\\/rationalunicorn.com\\\/our-team\\\/parrish-jones\\\/#primaryimage\"},\"thumbnailUrl\":\"https:\\\/\\\/rationalunicorn.com\\\/wp-content\\\/uploads\\\/2026\\\/03\\\/parrish-scaled.webp\",\"datePublished\":\"2026-03-19T23:15:59+00:00\",\"dateModified\":\"2026-03-25T01:34:27+00:00\",\"breadcrumb\":{\"@id\":\"https:\\\/\\\/rationalunicorn.com\\\/our-team\\\/parrish-jones\\\/#breadcrumb\"},\"inLanguage\":\"es\",\"potentialAction\":[{\"@type\":\"ReadAction\",\"target\":[\"https:\\\/\\\/rationalunicorn.com\\\/our-team\\\/parrish-jones\\\/\"]}]},{\"@type\":\"ImageObject\",\"inLanguage\":\"es\",\"@id\":\"https:\\\/\\\/rationalunicorn.com\\\/our-team\\\/parrish-jones\\\/#primaryimage\",\"url\":\"https:\\\/\\\/rationalunicorn.com\\\/wp-content\\\/uploads\\\/2026\\\/03\\\/parrish-scaled.webp\",\"contentUrl\":\"https:\\\/\\\/rationalunicorn.com\\\/wp-content\\\/uploads\\\/2026\\\/03\\\/parrish-scaled.webp\",\"width\":2010,\"height\":2560},{\"@type\":\"BreadcrumbList\",\"@id\":\"https:\\\/\\\/rationalunicorn.com\\\/our-team\\\/parrish-jones\\\/#breadcrumb\",\"itemListElement\":[{\"@type\":\"ListItem\",\"position\":1,\"name\":\"Home\",\"item\":\"https:\\\/\\\/rationalunicorn.com\\\/\"},{\"@type\":\"ListItem\",\"position\":2,\"name\":\"Our Team\",\"item\":\"https:\\\/\\\/rationalunicorn.com\\\/our-team\\\/\"},{\"@type\":\"ListItem\",\"position\":3,\"name\":\"Parrish Jones\"}]},{\"@type\":\"WebSite\",\"@id\":\"https:\\\/\\\/rationalunicorn.com\\\/#website\",\"url\":\"https:\\\/\\\/rationalunicorn.com\\\/\",\"name\":\"Rational Unicorn Legal Services\",\"description\":\"Uncommonly Possible\",\"publisher\":{\"@id\":\"https:\\\/\\\/rationalunicorn.com\\\/#organization\"},\"potentialAction\":[{\"@type\":\"SearchAction\",\"target\":{\"@type\":\"EntryPoint\",\"urlTemplate\":\"https:\\\/\\\/rationalunicorn.com\\\/?s={search_term_string}\"},\"query-input\":{\"@type\":\"PropertyValueSpecification\",\"valueRequired\":true,\"valueName\":\"search_term_string\"}}],\"inLanguage\":\"es\"},{\"@type\":\"Organization\",\"@id\":\"https:\\\/\\\/rationalunicorn.com\\\/#organization\",\"name\":\"Rational Unicorn Legal Services\",\"url\":\"https:\\\/\\\/rationalunicorn.com\\\/\",\"logo\":{\"@type\":\"ImageObject\",\"inLanguage\":\"es\",\"@id\":\"https:\\\/\\\/rationalunicorn.com\\\/#\\\/schema\\\/logo\\\/image\\\/\",\"url\":\"https:\\\/\\\/rationalunicorn.com\\\/wp-content\\\/uploads\\\/2026\\\/01\\\/RU-Horizontal-Logo_MAINTL.jpg\",\"contentUrl\":\"https:\\\/\\\/rationalunicorn.com\\\/wp-content\\\/uploads\\\/2026\\\/01\\\/RU-Horizontal-Logo_MAINTL.jpg\",\"width\":730,\"height\":205,\"caption\":\"Rational Unicorn Legal Services\"},\"image\":{\"@id\":\"https:\\\/\\\/rationalunicorn.com\\\/#\\\/schema\\\/logo\\\/image\\\/\"},\"sameAs\":[\"https:\\\/\\\/www.facebook.com\\\/rationalunicornlegalservices\",\"https:\\\/\\\/www.instagram.com\\\/rationalunicornlegalservices\\\/\"]}]}<\/script>\n<!-- \/ Yoast SEO plugin. -->","yoast_head_json":{"title":"Parrish Jones - Rational Unicorn Legal Services","robots":{"index":"index","follow":"follow","max-snippet":"max-snippet:-1","max-image-preview":"max-image-preview:large","max-video-preview":"max-video-preview:-1"},"canonical":"https:\/\/rationalunicorn.com\/es\/our-team\/parrish-jones\/","og_locale":"es_MX","og_type":"article","og_title":"Parrish Jones - Rational Unicorn Legal Services","og_description":"Parrish Jones he\/him Tax Compliance &amp; Business Advisory Degrees + Certifications Bachelor of Arts, Business Administration Seattle University&#8217;s Albers School of Business, WA Back to Team Parrish Jones has never been one to solve today&#8217;s problem at the expense of tomorrow&#8217;s. Parrish works with entrepreneurs and small businesses to demystify and navigate tax strategy, compliance, [&hellip;]","og_url":"https:\/\/rationalunicorn.com\/es\/our-team\/parrish-jones\/","og_site_name":"Rational Unicorn Legal Services","article_publisher":"https:\/\/www.facebook.com\/rationalunicornlegalservices","article_modified_time":"2026-03-25T01:34:27+00:00","og_image":[{"width":2010,"height":2560,"url":"https:\/\/rationalunicorn.com\/wp-content\/uploads\/2026\/03\/parrish-scaled.webp","type":"image\/webp"}],"twitter_card":"summary_large_image","twitter_misc":{"Tiempo de lectura":"2 minutos"},"schema":{"@context":"https:\/\/schema.org","@graph":[{"@type":"WebPage","@id":"https:\/\/rationalunicorn.com\/our-team\/parrish-jones\/","url":"https:\/\/rationalunicorn.com\/our-team\/parrish-jones\/","name":"Parrish Jones - Rational Unicorn Legal Services","isPartOf":{"@id":"https:\/\/rationalunicorn.com\/#website"},"primaryImageOfPage":{"@id":"https:\/\/rationalunicorn.com\/our-team\/parrish-jones\/#primaryimage"},"image":{"@id":"https:\/\/rationalunicorn.com\/our-team\/parrish-jones\/#primaryimage"},"thumbnailUrl":"https:\/\/rationalunicorn.com\/wp-content\/uploads\/2026\/03\/parrish-scaled.webp","datePublished":"2026-03-19T23:15:59+00:00","dateModified":"2026-03-25T01:34:27+00:00","breadcrumb":{"@id":"https:\/\/rationalunicorn.com\/our-team\/parrish-jones\/#breadcrumb"},"inLanguage":"es","potentialAction":[{"@type":"ReadAction","target":["https:\/\/rationalunicorn.com\/our-team\/parrish-jones\/"]}]},{"@type":"ImageObject","inLanguage":"es","@id":"https:\/\/rationalunicorn.com\/our-team\/parrish-jones\/#primaryimage","url":"https:\/\/rationalunicorn.com\/wp-content\/uploads\/2026\/03\/parrish-scaled.webp","contentUrl":"https:\/\/rationalunicorn.com\/wp-content\/uploads\/2026\/03\/parrish-scaled.webp","width":2010,"height":2560},{"@type":"BreadcrumbList","@id":"https:\/\/rationalunicorn.com\/our-team\/parrish-jones\/#breadcrumb","itemListElement":[{"@type":"ListItem","position":1,"name":"Home","item":"https:\/\/rationalunicorn.com\/"},{"@type":"ListItem","position":2,"name":"Our Team","item":"https:\/\/rationalunicorn.com\/our-team\/"},{"@type":"ListItem","position":3,"name":"Parrish Jones"}]},{"@type":"WebSite","@id":"https:\/\/rationalunicorn.com\/#website","url":"https:\/\/rationalunicorn.com\/","name":"Rational Unicorn Legal Services","description":"Pensado para ser diferente","publisher":{"@id":"https:\/\/rationalunicorn.com\/#organization"},"potentialAction":[{"@type":"SearchAction","target":{"@type":"EntryPoint","urlTemplate":"https:\/\/rationalunicorn.com\/?s={search_term_string}"},"query-input":{"@type":"PropertyValueSpecification","valueRequired":true,"valueName":"search_term_string"}}],"inLanguage":"es"},{"@type":"Organization","@id":"https:\/\/rationalunicorn.com\/#organization","name":"Rational Unicorn Legal Services","url":"https:\/\/rationalunicorn.com\/","logo":{"@type":"ImageObject","inLanguage":"es","@id":"https:\/\/rationalunicorn.com\/#\/schema\/logo\/image\/","url":"https:\/\/rationalunicorn.com\/wp-content\/uploads\/2026\/01\/RU-Horizontal-Logo_MAINTL.jpg","contentUrl":"https:\/\/rationalunicorn.com\/wp-content\/uploads\/2026\/01\/RU-Horizontal-Logo_MAINTL.jpg","width":730,"height":205,"caption":"Rational Unicorn Legal Services"},"image":{"@id":"https:\/\/rationalunicorn.com\/#\/schema\/logo\/image\/"},"sameAs":["https:\/\/www.facebook.com\/rationalunicornlegalservices","https:\/\/www.instagram.com\/rationalunicornlegalservices\/"]}]}},"_links":{"self":[{"href":"https:\/\/rationalunicorn.com\/es\/wp-json\/wp\/v2\/pages\/630","targetHints":{"allow":["GET"]}}],"collection":[{"href":"https:\/\/rationalunicorn.com\/es\/wp-json\/wp\/v2\/pages"}],"about":[{"href":"https:\/\/rationalunicorn.com\/es\/wp-json\/wp\/v2\/types\/page"}],"author":[{"embeddable":true,"href":"https:\/\/rationalunicorn.com\/es\/wp-json\/wp\/v2\/users\/2"}],"replies":[{"embeddable":true,"href":"https:\/\/rationalunicorn.com\/es\/wp-json\/wp\/v2\/comments?post=630"}],"version-history":[{"count":7,"href":"https:\/\/rationalunicorn.com\/es\/wp-json\/wp\/v2\/pages\/630\/revisions"}],"predecessor-version":[{"id":761,"href":"https:\/\/rationalunicorn.com\/es\/wp-json\/wp\/v2\/pages\/630\/revisions\/761"}],"up":[{"embeddable":true,"href":"https:\/\/rationalunicorn.com\/es\/wp-json\/wp\/v2\/pages\/568"}],"wp:featuredmedia":[{"embeddable":true,"href":"https:\/\/rationalunicorn.com\/es\/wp-json\/wp\/v2\/media\/575"}],"wp:attachment":[{"href":"https:\/\/rationalunicorn.com\/es\/wp-json\/wp\/v2\/media?parent=630"}],"curies":[{"name":"wp","href":"https:\/\/api.w.org\/{rel}","templated":true}]}}