{"id":605,"date":"2026-03-19T23:04:16","date_gmt":"2026-03-19T23:04:16","guid":{"rendered":"https:\/\/rationalunicorn.com\/?page_id=605"},"modified":"2026-03-25T01:34:44","modified_gmt":"2026-03-25T01:34:44","slug":"rupal-hira","status":"publish","type":"page","link":"https:\/\/rationalunicorn.com\/es\/our-team\/rupal-hira\/","title":{"rendered":"Rupal Hira"},"content":{"rendered":"<div data-elementor-type=\"wp-page\" data-elementor-id=\"605\" class=\"elementor elementor-605\" data-elementor-post-type=\"page\">\n\t\t\t\t<div class=\"elementor-element elementor-element-46d9f5b e-flex e-con-boxed e-con e-parent\" data-id=\"46d9f5b\" data-element_type=\"container\" data-e-type=\"container\" data-settings=\"{&quot;background_background&quot;:&quot;classic&quot;}\">\n\t\t\t\t\t<div class=\"e-con-inner\">\n\t\t<div class=\"elementor-element elementor-element-b4904b6 e-con-full e-flex e-con e-child\" data-id=\"b4904b6\" data-element_type=\"container\" data-e-type=\"container\">\n\t\t\t\t<div class=\"elementor-element elementor-element-f7ebf2e elementor-widget elementor-widget-image\" data-id=\"f7ebf2e\" data-element_type=\"widget\" data-e-type=\"widget\" data-widget_type=\"image.default\">\n\t\t\t\t\t\t\t\t\t\t\t\t\t\t\t<img fetchpriority=\"high\" decoding=\"async\" width=\"763\" height=\"1024\" src=\"https:\/\/rationalunicorn.com\/wp-content\/uploads\/2026\/03\/RationalUnicornBranding2025-179-e1773961706390-763x1024.webp\" class=\"attachment-large size-large wp-image-620\" alt=\"\" srcset=\"https:\/\/rationalunicorn.com\/wp-content\/uploads\/2026\/03\/RationalUnicornBranding2025-179-e1773961706390-763x1024.webp 763w, https:\/\/rationalunicorn.com\/wp-content\/uploads\/2026\/03\/RationalUnicornBranding2025-179-e1773961706390-223x300.webp 223w, https:\/\/rationalunicorn.com\/wp-content\/uploads\/2026\/03\/RationalUnicornBranding2025-179-e1773961706390-768x1031.webp 768w, https:\/\/rationalunicorn.com\/wp-content\/uploads\/2026\/03\/RationalUnicornBranding2025-179-e1773961706390-1144x1536.webp 1144w, https:\/\/rationalunicorn.com\/wp-content\/uploads\/2026\/03\/RationalUnicornBranding2025-179-e1773961706390-1525x2048.webp 1525w, https:\/\/rationalunicorn.com\/wp-content\/uploads\/2026\/03\/RationalUnicornBranding2025-179-e1773961706390-9x12.webp 9w, https:\/\/rationalunicorn.com\/wp-content\/uploads\/2026\/03\/RationalUnicornBranding2025-179-e1773961706390.webp 1667w\" sizes=\"(max-width: 763px) 100vw, 763px\" \/>\t\t\t\t\t\t\t\t\t\t\t\t\t\t\t<\/div>\n\t\t\t\t<\/div>\n\t\t<div class=\"elementor-element elementor-element-a89e5f3 e-con-full e-flex e-con e-child\" data-id=\"a89e5f3\" data-element_type=\"container\" data-e-type=\"container\">\n\t\t<div class=\"elementor-element elementor-element-127d30b e-con-full e-flex e-con e-child\" data-id=\"127d30b\" data-element_type=\"container\" data-e-type=\"container\">\n\t\t\t\t<div class=\"elementor-element elementor-element-bb32532 elementor-widget elementor-widget-heading\" data-id=\"bb32532\" data-element_type=\"widget\" data-e-type=\"widget\" data-widget_type=\"heading.default\">\n\t\t\t\t\t<h1 class=\"elementor-heading-title elementor-size-default\">Rupal Hira<\/h1>\t\t\t\t<\/div>\n\t\t\t\t<div class=\"elementor-element elementor-element-dc40d6a elementor-widget elementor-widget-heading\" data-id=\"dc40d6a\" data-element_type=\"widget\" data-e-type=\"widget\" data-widget_type=\"heading.default\">\n\t\t\t\t\t<h4 class=\"elementor-heading-title elementor-size-default\">ella<\/h4>\t\t\t\t<\/div>\n\t\t\t\t<\/div>\n\t\t\t\t<div class=\"elementor-element elementor-element-d68b027 elementor-widget elementor-widget-heading\" data-id=\"d68b027\" data-element_type=\"widget\" data-e-type=\"widget\" data-widget_type=\"heading.default\">\n\t\t\t\t\t<h4 class=\"elementor-heading-title elementor-size-default\">Gerente de Servicios al Cliente<\/h4>\t\t\t\t<\/div>\n\t\t\t\t<\/div>\n\t\t\t\t\t<\/div>\n\t\t\t\t<\/div>\n\t\t<div class=\"elementor-element elementor-element-b68174a e-flex e-con-boxed e-con e-parent\" data-id=\"b68174a\" data-element_type=\"container\" data-e-type=\"container\">\n\t\t\t\t\t<div class=\"e-con-inner\">\n\t\t<div class=\"elementor-element elementor-element-320cad4 e-con-full e-flex e-con e-child\" data-id=\"320cad4\" data-element_type=\"container\" data-e-type=\"container\">\n\t\t<div class=\"elementor-element elementor-element-c7efcc0 e-con-full e-flex e-con e-child\" data-id=\"c7efcc0\" data-element_type=\"container\" data-e-type=\"container\">\n\t\t\t\t<div class=\"elementor-element elementor-element-4a0c5ba elementor-icon-list--layout-traditional elementor-list-item-link-full_width elementor-widget elementor-widget-icon-list\" data-id=\"4a0c5ba\" data-element_type=\"widget\" data-e-type=\"widget\" data-widget_type=\"icon-list.default\">\n\t\t\t\t\t\t\t<ul class=\"elementor-icon-list-items\">\n\t\t\t\t\t\t\t<li class=\"elementor-icon-list-item\">\n\t\t\t\t\t\t\t\t\t\t\t<span class=\"elementor-icon-list-icon\">\n\t\t\t\t\t\t\t<svg aria-hidden=\"true\" class=\"e-font-icon-svg e-fas-chevron-circle-right\" viewbox=\"0 0 512 512\" xmlns=\"http:\/\/www.w3.org\/2000\/svg\"><path d=\"M256 8c137 0 248 111 248 248S393 504 256 504 8 393 8 256 119 8 256 8zm113.9 231L234.4 103.5c-9.4-9.4-24.6-9.4-33.9 0l-17 17c-9.4 9.4-9.4 24.6 0 33.9L285.1 256 183.5 357.6c-9.4 9.4-9.4 24.6 0 33.9l17 17c9.4 9.4 24.6 9.4 33.9 0L369.9 273c9.4-9.4 9.4-24.6 0-34z\"><\/path><\/svg>\t\t\t\t\t\t<\/span>\n\t\t\t\t\t\t\t\t\t\t<span class=\"elementor-icon-list-text\">Licenciatura en Ciencias en Justicia Penal de Georgia State University<\/span>\n\t\t\t\t\t\t\t\t\t<\/li>\n\t\t\t\t\t\t\t\t<li class=\"elementor-icon-list-item\">\n\t\t\t\t\t\t\t\t\t\t\t<span class=\"elementor-icon-list-icon\">\n\t\t\t\t\t\t\t<svg aria-hidden=\"true\" class=\"e-font-icon-svg e-fas-chevron-circle-right\" viewbox=\"0 0 512 512\" xmlns=\"http:\/\/www.w3.org\/2000\/svg\"><path d=\"M256 8c137 0 248 111 248 248S393 504 256 504 8 393 8 256 119 8 256 8zm113.9 231L234.4 103.5c-9.4-9.4-24.6-9.4-33.9 0l-17 17c-9.4 9.4-9.4 24.6 0 33.9L285.1 256 183.5 357.6c-9.4 9.4-9.4 24.6 0 33.9l17 17c9.4 9.4 24.6 9.4 33.9 0L369.9 273c9.4-9.4 9.4-24.6 0-34z\"><\/path><\/svg>\t\t\t\t\t\t<\/span>\n\t\t\t\t\t\t\t\t\t\t<span class=\"elementor-icon-list-text\">Habla 3 idiomas<\/span>\n\t\t\t\t\t\t\t\t\t<\/li>\n\t\t\t\t\t\t\t\t<li class=\"elementor-icon-list-item\">\n\t\t\t\t\t\t\t\t\t\t\t<span class=\"elementor-icon-list-icon\">\n\t\t\t\t\t\t\t<svg aria-hidden=\"true\" class=\"e-font-icon-svg e-fas-chevron-circle-right\" viewbox=\"0 0 512 512\" xmlns=\"http:\/\/www.w3.org\/2000\/svg\"><path d=\"M256 8c137 0 248 111 248 248S393 504 256 504 8 393 8 256 119 8 256 8zm113.9 231L234.4 103.5c-9.4-9.4-24.6-9.4-33.9 0l-17 17c-9.4 9.4-9.4 24.6 0 33.9L285.1 256 183.5 357.6c-9.4 9.4-9.4 24.6 0 33.9l17 17c9.4 9.4 24.6 9.4 33.9 0L369.9 273c9.4-9.4 9.4-24.6 0-34z\"><\/path><\/svg>\t\t\t\t\t\t<\/span>\n\t\t\t\t\t\t\t\t\t\t<span class=\"elementor-icon-list-text\">Formaci\u00f3n en danza cl\u00e1sica india llamada Bharat Natyam<\/span>\n\t\t\t\t\t\t\t\t\t<\/li>\n\t\t\t\t\t\t<\/ul>\n\t\t\t\t\t\t<\/div>\n\t\t\t\t<div class=\"elementor-element elementor-element-ea8227a elementor-widget elementor-widget-heading\" data-id=\"ea8227a\" data-element_type=\"widget\" data-e-type=\"widget\" data-widget_type=\"heading.default\">\n\t\t\t\t\t<h4 class=\"elementor-heading-title elementor-size-default\">T\u00edtulos y certificaciones<\/h4>\t\t\t\t<\/div>\n\t\t\t\t<div class=\"elementor-element elementor-element-a6410b2 elementor-icon-list--layout-traditional elementor-list-item-link-full_width elementor-widget elementor-widget-icon-list\" data-id=\"a6410b2\" data-element_type=\"widget\" data-e-type=\"widget\" data-widget_type=\"icon-list.default\">\n\t\t\t\t\t\t\t<ul class=\"elementor-icon-list-items\">\n\t\t\t\t\t\t\t<li class=\"elementor-icon-list-item\">\n\t\t\t\t\t\t\t\t\t\t\t<span class=\"elementor-icon-list-icon\">\n\t\t\t\t\t\t\t<svg aria-hidden=\"true\" class=\"e-font-icon-svg e-fas-chevron-circle-right\" viewbox=\"0 0 512 512\" xmlns=\"http:\/\/www.w3.org\/2000\/svg\"><path d=\"M256 8c137 0 248 111 248 248S393 504 256 504 8 393 8 256 119 8 256 8zm113.9 231L234.4 103.5c-9.4-9.4-24.6-9.4-33.9 0l-17 17c-9.4 9.4-9.4 24.6 0 33.9L285.1 256 183.5 357.6c-9.4 9.4-9.4 24.6 0 33.9l17 17c9.4 9.4 24.6 9.4 33.9 0L369.9 273c9.4-9.4 9.4-24.6 0-34z\"><\/path><\/svg>\t\t\t\t\t\t<\/span>\n\t\t\t\t\t\t\t\t\t\t<span class=\"elementor-icon-list-text\"><b>Bachelor of Science Georgia State<\/b> University, <i>Atlanta, GA<\/i><\/span>\n\t\t\t\t\t\t\t\t\t<\/li>\n\t\t\t\t\t\t\t\t<li class=\"elementor-icon-list-item\">\n\t\t\t\t\t\t\t\t\t\t\t<span class=\"elementor-icon-list-icon\">\n\t\t\t\t\t\t\t<svg aria-hidden=\"true\" class=\"e-font-icon-svg e-fas-chevron-circle-right\" viewbox=\"0 0 512 512\" xmlns=\"http:\/\/www.w3.org\/2000\/svg\"><path d=\"M256 8c137 0 248 111 248 248S393 504 256 504 8 393 8 256 119 8 256 8zm113.9 231L234.4 103.5c-9.4-9.4-24.6-9.4-33.9 0l-17 17c-9.4 9.4-9.4 24.6 0 33.9L285.1 256 183.5 357.6c-9.4 9.4-9.4 24.6 0 33.9l17 17c9.4 9.4 24.6 9.4 33.9 0L369.9 273c9.4-9.4 9.4-24.6 0-34z\"><\/path><\/svg>\t\t\t\t\t\t<\/span>\n\t\t\t\t\t\t\t\t\t\t<span class=\"elementor-icon-list-text\"><b>Danza cl\u00e1sica india<\/b><\/span>\n\t\t\t\t\t\t\t\t\t<\/li>\n\t\t\t\t\t\t<\/ul>\n\t\t\t\t\t\t<\/div>\n\t\t\t\t<\/div>\n\t\t\t\t<div class=\"elementor-element elementor-element-bb0613a elementor-align-left elementor-hidden-tablet elementor-hidden-mobile elementor-widget elementor-widget-button\" data-id=\"bb0613a\" data-element_type=\"widget\" data-e-type=\"widget\" data-widget_type=\"button.default\">\n\t\t\t\t\t\t\t\t\t\t<a class=\"elementor-button elementor-button-link elementor-size-sm\" href=\"https:\/\/rationalunicorn.com\/es\/about-rational-unicorn\/our-team\/\">\n\t\t\t\t\t\t<span class=\"elementor-button-content-wrapper\">\n\t\t\t\t\t\t<span class=\"elementor-button-icon\">\n\t\t\t\t<svg aria-hidden=\"true\" class=\"e-font-icon-svg e-fas-arrow-left\" viewbox=\"0 0 448 512\" xmlns=\"http:\/\/www.w3.org\/2000\/svg\"><path d=\"M257.5 445.1l-22.2 22.2c-9.4 9.4-24.6 9.4-33.9 0L7 273c-9.4-9.4-9.4-24.6 0-33.9L201.4 44.7c9.4-9.4 24.6-9.4 33.9 0l22.2 22.2c9.5 9.5 9.3 25-.4 34.3L136.6 216H424c13.3 0 24 10.7 24 24v32c0 13.3-10.7 24-24 24H136.6l120.5 114.8c9.8 9.3 10 24.8.4 34.3z\"><\/path><\/svg>\t\t\t<\/span>\n\t\t\t\t\t\t\t\t\t<span class=\"elementor-button-text\">Volver al equipo<\/span>\n\t\t\t\t\t<\/span>\n\t\t\t\t\t<\/a>\n\t\t\t\t\t\t\t\t<\/div>\n\t\t\t\t<\/div>\n\t\t<div class=\"elementor-element elementor-element-aebc9e8 e-con-full e-flex e-con e-child\" data-id=\"aebc9e8\" data-element_type=\"container\" data-e-type=\"container\">\n\t\t\t\t<div class=\"elementor-element elementor-element-fa3fd42 elementor-widget elementor-widget-text-editor\" data-id=\"fa3fd42\" data-element_type=\"widget\" data-e-type=\"widget\" data-widget_type=\"text-editor.default\">\n\t\t\t\t\t\t\t\t\t<p><b>Rupa es quien te recibe con cercan\u00eda y calidez<\/b><\/p>\n<p>Rupal es la primera voz que escuchan los clientes. Sabe que contactar a un abogado puede ser intimidante, por lo que se asegura de que nadie se sienta as\u00ed por mucho tiempo. Parte de su rol es orientar a los clientes sobre c\u00f3mo funciona la firma y ayudar a que el proceso se sienta claro y predecible. <\/p>\n<p>Para ella, lo m\u00e1s gratificante es ver c\u00f3mo una asesor\u00eda legal de calidad puede transformar la experiencia de quienes llegan con dudas y se van con confianza.\nRupal ha estado inmersa en los servicios legales desde 2014. Comenz\u00f3 como asistente legal en una firma con sede en Georgia especializada en Negocios de entretenimiento y derecho de familia, donde desarroll\u00f3 un instinto para el lado humano del trabajo legal. En el Tribunal de Sucesiones del Condado de Clayton, gestion\u00f3 registros clave y particip\u00f3 en programas de tratamiento de salud mental, enfrentando situaciones que requer\u00edan precisi\u00f3n y empat\u00eda. Esos roles le dieron una gran sensibilidad para entender y anticipar lo que las personas necesitan antes de su primera reuni\u00f3n con un abogado. <\/p>\n<p>Obtuvo una licenciatura en Ciencias en Justicia Penal de la Georgia State University, motivada por su entusiasmo por ayudar a las personas y resolver problemas. En el mundo legal, Rupal puede cumplir ambas pasiones al mismo tiempo.<\/p>\n<p>Su \u00e9tica de trabajo fue moldeada al ayudar a sus padres a hacer crecer su negocio de hospitalidad en Atlanta. Aprendi\u00f3 de primera mano lo que se necesita para construir algo duradero. Llev\u00f3 esa misma dedicaci\u00f3n a la danza cl\u00e1sica india, que estudi\u00f3 e interpret\u00f3 desde una edad temprana. Ambas experiencias le ense\u00f1aron a comprometerse plenamente y hacer las cosas con intenci\u00f3n.<\/p>\n<p>Rupal todav\u00eda encuentra tiempo para apoyar el negocio de su familia en Georgia. Aqu\u00ed en el noroeste del Pac\u00edfico, prepara deliciosas comidas y las disfruta con su hija y su esposo. La danza tampoco se detuvo.<\/p>\t\t\t\t\t\t\t\t<\/div>\n\t\t\t\t<div class=\"elementor-element elementor-element-2d0cf63 elementor-align-left elementor-hidden-desktop elementor-widget elementor-widget-button\" data-id=\"2d0cf63\" data-element_type=\"widget\" data-e-type=\"widget\" data-widget_type=\"button.default\">\n\t\t\t\t\t\t\t\t\t\t<a class=\"elementor-button elementor-button-link elementor-size-sm\" href=\"https:\/\/rationalunicorn.com\/es\/about-rational-unicorn\/our-team\/\">\n\t\t\t\t\t\t<span class=\"elementor-button-content-wrapper\">\n\t\t\t\t\t\t<span class=\"elementor-button-icon\">\n\t\t\t\t<svg aria-hidden=\"true\" class=\"e-font-icon-svg e-fas-arrow-left\" viewbox=\"0 0 448 512\" xmlns=\"http:\/\/www.w3.org\/2000\/svg\"><path d=\"M257.5 445.1l-22.2 22.2c-9.4 9.4-24.6 9.4-33.9 0L7 273c-9.4-9.4-9.4-24.6 0-33.9L201.4 44.7c9.4-9.4 24.6-9.4 33.9 0l22.2 22.2c9.5 9.5 9.3 25-.4 34.3L136.6 216H424c13.3 0 24 10.7 24 24v32c0 13.3-10.7 24-24 24H136.6l120.5 114.8c9.8 9.3 10 24.8.4 34.3z\"><\/path><\/svg>\t\t\t<\/span>\n\t\t\t\t\t\t\t\t\t<span class=\"elementor-button-text\">Volver al equipo<\/span>\n\t\t\t\t\t<\/span>\n\t\t\t\t\t<\/a>\n\t\t\t\t\t\t\t\t<\/div>\n\t\t\t\t<\/div>\n\t\t\t\t\t<\/div>\n\t\t\t\t<\/div>\n\t\t\t\t<\/div>","protected":false},"excerpt":{"rendered":"<p>Rupal Hira she\/her Client Services Manager BS in Criminal Justice from Georgia State University Speaks 3 languages Trained in Indian Classical Dance called Bharat Natyam Degrees &amp; Certifications Bachelor of Science Georgia State University, Atlanta, GA Indian Classical Dance Back to Team Rupal Patel gives the warmest welcomes. Rupal is the first voice clients hear. [&hellip;]<\/p>\n","protected":false},"author":2,"featured_media":574,"parent":568,"menu_order":0,"comment_status":"closed","ping_status":"closed","template":"","meta":{"footnotes":"","_links_to":"","_links_to_target":""},"class_list":["post-605","page","type-page","status-publish","has-post-thumbnail","hentry"],"yoast_head":"<!-- This site is optimized with the Yoast SEO plugin v27.6 - https:\/\/yoast.com\/product\/yoast-seo-wordpress\/ -->\n<title>Rupal Hira - Rational Unicorn Legal Services<\/title>\n<meta name=\"robots\" content=\"index, follow, max-snippet:-1, max-image-preview:large, max-video-preview:-1\" \/>\n<link rel=\"canonical\" href=\"https:\/\/rationalunicorn.com\/es\/our-team\/rupal-hira\/\" \/>\n<meta property=\"og:locale\" content=\"es_MX\" \/>\n<meta property=\"og:type\" content=\"article\" \/>\n<meta property=\"og:title\" content=\"Rupal Hira - Rational Unicorn Legal Services\" \/>\n<meta property=\"og:description\" content=\"Rupal Hira she\/her Client Services Manager BS in Criminal Justice from Georgia State University Speaks 3 languages Trained in Indian Classical Dance called Bharat Natyam Degrees &amp; Certifications Bachelor of Science Georgia State University, Atlanta, GA Indian Classical Dance Back to Team Rupal Patel gives the warmest welcomes. Rupal is the first voice clients hear. [&hellip;]\" \/>\n<meta property=\"og:url\" content=\"https:\/\/rationalunicorn.com\/es\/our-team\/rupal-hira\/\" \/>\n<meta property=\"og:site_name\" content=\"Rational Unicorn Legal Services\" \/>\n<meta property=\"article:publisher\" content=\"https:\/\/www.facebook.com\/rationalunicornlegalservices\" \/>\n<meta property=\"article:modified_time\" content=\"2026-03-25T01:34:44+00:00\" \/>\n<meta property=\"og:image\" content=\"https:\/\/rationalunicorn.com\/wp-content\/uploads\/2026\/03\/rupal.webp\" \/>\n\t<meta property=\"og:image:width\" content=\"1667\" \/>\n\t<meta property=\"og:image:height\" content=\"2500\" \/>\n\t<meta property=\"og:image:type\" content=\"image\/webp\" \/>\n<meta name=\"twitter:card\" content=\"summary_large_image\" \/>\n<meta name=\"twitter:label1\" content=\"Tiempo de lectura\" \/>\n\t<meta name=\"twitter:data1\" content=\"2 minutos\" \/>\n<script type=\"application\/ld+json\" class=\"yoast-schema-graph\">{\"@context\":\"https:\\\/\\\/schema.org\",\"@graph\":[{\"@type\":\"WebPage\",\"@id\":\"https:\\\/\\\/rationalunicorn.com\\\/our-team\\\/rupal-hira\\\/\",\"url\":\"https:\\\/\\\/rationalunicorn.com\\\/our-team\\\/rupal-hira\\\/\",\"name\":\"Rupal Hira - Rational Unicorn Legal Services\",\"isPartOf\":{\"@id\":\"https:\\\/\\\/rationalunicorn.com\\\/#website\"},\"primaryImageOfPage\":{\"@id\":\"https:\\\/\\\/rationalunicorn.com\\\/our-team\\\/rupal-hira\\\/#primaryimage\"},\"image\":{\"@id\":\"https:\\\/\\\/rationalunicorn.com\\\/our-team\\\/rupal-hira\\\/#primaryimage\"},\"thumbnailUrl\":\"https:\\\/\\\/rationalunicorn.com\\\/wp-content\\\/uploads\\\/2026\\\/03\\\/rupal.webp\",\"datePublished\":\"2026-03-19T23:04:16+00:00\",\"dateModified\":\"2026-03-25T01:34:44+00:00\",\"breadcrumb\":{\"@id\":\"https:\\\/\\\/rationalunicorn.com\\\/our-team\\\/rupal-hira\\\/#breadcrumb\"},\"inLanguage\":\"es\",\"potentialAction\":[{\"@type\":\"ReadAction\",\"target\":[\"https:\\\/\\\/rationalunicorn.com\\\/our-team\\\/rupal-hira\\\/\"]}]},{\"@type\":\"ImageObject\",\"inLanguage\":\"es\",\"@id\":\"https:\\\/\\\/rationalunicorn.com\\\/our-team\\\/rupal-hira\\\/#primaryimage\",\"url\":\"https:\\\/\\\/rationalunicorn.com\\\/wp-content\\\/uploads\\\/2026\\\/03\\\/rupal.webp\",\"contentUrl\":\"https:\\\/\\\/rationalunicorn.com\\\/wp-content\\\/uploads\\\/2026\\\/03\\\/rupal.webp\",\"width\":1667,\"height\":2500},{\"@type\":\"BreadcrumbList\",\"@id\":\"https:\\\/\\\/rationalunicorn.com\\\/our-team\\\/rupal-hira\\\/#breadcrumb\",\"itemListElement\":[{\"@type\":\"ListItem\",\"position\":1,\"name\":\"Home\",\"item\":\"https:\\\/\\\/rationalunicorn.com\\\/\"},{\"@type\":\"ListItem\",\"position\":2,\"name\":\"Our Team\",\"item\":\"https:\\\/\\\/rationalunicorn.com\\\/our-team\\\/\"},{\"@type\":\"ListItem\",\"position\":3,\"name\":\"Rupal Hira\"}]},{\"@type\":\"WebSite\",\"@id\":\"https:\\\/\\\/rationalunicorn.com\\\/#website\",\"url\":\"https:\\\/\\\/rationalunicorn.com\\\/\",\"name\":\"Rational Unicorn Legal Services\",\"description\":\"Uncommonly Possible\",\"publisher\":{\"@id\":\"https:\\\/\\\/rationalunicorn.com\\\/#organization\"},\"potentialAction\":[{\"@type\":\"SearchAction\",\"target\":{\"@type\":\"EntryPoint\",\"urlTemplate\":\"https:\\\/\\\/rationalunicorn.com\\\/?s={search_term_string}\"},\"query-input\":{\"@type\":\"PropertyValueSpecification\",\"valueRequired\":true,\"valueName\":\"search_term_string\"}}],\"inLanguage\":\"es\"},{\"@type\":\"Organization\",\"@id\":\"https:\\\/\\\/rationalunicorn.com\\\/#organization\",\"name\":\"Rational Unicorn Legal Services\",\"url\":\"https:\\\/\\\/rationalunicorn.com\\\/\",\"logo\":{\"@type\":\"ImageObject\",\"inLanguage\":\"es\",\"@id\":\"https:\\\/\\\/rationalunicorn.com\\\/#\\\/schema\\\/logo\\\/image\\\/\",\"url\":\"https:\\\/\\\/rationalunicorn.com\\\/wp-content\\\/uploads\\\/2026\\\/01\\\/RU-Horizontal-Logo_MAINTL.jpg\",\"contentUrl\":\"https:\\\/\\\/rationalunicorn.com\\\/wp-content\\\/uploads\\\/2026\\\/01\\\/RU-Horizontal-Logo_MAINTL.jpg\",\"width\":730,\"height\":205,\"caption\":\"Rational Unicorn Legal Services\"},\"image\":{\"@id\":\"https:\\\/\\\/rationalunicorn.com\\\/#\\\/schema\\\/logo\\\/image\\\/\"},\"sameAs\":[\"https:\\\/\\\/www.facebook.com\\\/rationalunicornlegalservices\",\"https:\\\/\\\/www.instagram.com\\\/rationalunicornlegalservices\\\/\"]}]}<\/script>\n<!-- \/ Yoast SEO plugin. -->","yoast_head_json":{"title":"Rupal Hira - Rational Unicorn Legal Services","robots":{"index":"index","follow":"follow","max-snippet":"max-snippet:-1","max-image-preview":"max-image-preview:large","max-video-preview":"max-video-preview:-1"},"canonical":"https:\/\/rationalunicorn.com\/es\/our-team\/rupal-hira\/","og_locale":"es_MX","og_type":"article","og_title":"Rupal Hira - Rational Unicorn Legal Services","og_description":"Rupal Hira she\/her Client Services Manager BS in Criminal Justice from Georgia State University Speaks 3 languages Trained in Indian Classical Dance called Bharat Natyam Degrees &amp; Certifications Bachelor of Science Georgia State University, Atlanta, GA Indian Classical Dance Back to Team Rupal Patel gives the warmest welcomes. Rupal is the first voice clients hear. [&hellip;]","og_url":"https:\/\/rationalunicorn.com\/es\/our-team\/rupal-hira\/","og_site_name":"Rational Unicorn Legal Services","article_publisher":"https:\/\/www.facebook.com\/rationalunicornlegalservices","article_modified_time":"2026-03-25T01:34:44+00:00","og_image":[{"width":1667,"height":2500,"url":"https:\/\/rationalunicorn.com\/wp-content\/uploads\/2026\/03\/rupal.webp","type":"image\/webp"}],"twitter_card":"summary_large_image","twitter_misc":{"Tiempo de lectura":"2 minutos"},"schema":{"@context":"https:\/\/schema.org","@graph":[{"@type":"WebPage","@id":"https:\/\/rationalunicorn.com\/our-team\/rupal-hira\/","url":"https:\/\/rationalunicorn.com\/our-team\/rupal-hira\/","name":"Rupal Hira - Rational Unicorn Legal Services","isPartOf":{"@id":"https:\/\/rationalunicorn.com\/#website"},"primaryImageOfPage":{"@id":"https:\/\/rationalunicorn.com\/our-team\/rupal-hira\/#primaryimage"},"image":{"@id":"https:\/\/rationalunicorn.com\/our-team\/rupal-hira\/#primaryimage"},"thumbnailUrl":"https:\/\/rationalunicorn.com\/wp-content\/uploads\/2026\/03\/rupal.webp","datePublished":"2026-03-19T23:04:16+00:00","dateModified":"2026-03-25T01:34:44+00:00","breadcrumb":{"@id":"https:\/\/rationalunicorn.com\/our-team\/rupal-hira\/#breadcrumb"},"inLanguage":"es","potentialAction":[{"@type":"ReadAction","target":["https:\/\/rationalunicorn.com\/our-team\/rupal-hira\/"]}]},{"@type":"ImageObject","inLanguage":"es","@id":"https:\/\/rationalunicorn.com\/our-team\/rupal-hira\/#primaryimage","url":"https:\/\/rationalunicorn.com\/wp-content\/uploads\/2026\/03\/rupal.webp","contentUrl":"https:\/\/rationalunicorn.com\/wp-content\/uploads\/2026\/03\/rupal.webp","width":1667,"height":2500},{"@type":"BreadcrumbList","@id":"https:\/\/rationalunicorn.com\/our-team\/rupal-hira\/#breadcrumb","itemListElement":[{"@type":"ListItem","position":1,"name":"Home","item":"https:\/\/rationalunicorn.com\/"},{"@type":"ListItem","position":2,"name":"Our Team","item":"https:\/\/rationalunicorn.com\/our-team\/"},{"@type":"ListItem","position":3,"name":"Rupal Hira"}]},{"@type":"WebSite","@id":"https:\/\/rationalunicorn.com\/#website","url":"https:\/\/rationalunicorn.com\/","name":"Rational Unicorn Legal Services","description":"Hacemos posible lo extraordinario","publisher":{"@id":"https:\/\/rationalunicorn.com\/#organization"},"potentialAction":[{"@type":"SearchAction","target":{"@type":"EntryPoint","urlTemplate":"https:\/\/rationalunicorn.com\/?s={search_term_string}"},"query-input":{"@type":"PropertyValueSpecification","valueRequired":true,"valueName":"search_term_string"}}],"inLanguage":"es"},{"@type":"Organization","@id":"https:\/\/rationalunicorn.com\/#organization","name":"Rational Unicorn Legal Services","url":"https:\/\/rationalunicorn.com\/","logo":{"@type":"ImageObject","inLanguage":"es","@id":"https:\/\/rationalunicorn.com\/#\/schema\/logo\/image\/","url":"https:\/\/rationalunicorn.com\/wp-content\/uploads\/2026\/01\/RU-Horizontal-Logo_MAINTL.jpg","contentUrl":"https:\/\/rationalunicorn.com\/wp-content\/uploads\/2026\/01\/RU-Horizontal-Logo_MAINTL.jpg","width":730,"height":205,"caption":"Rational Unicorn Legal Services"},"image":{"@id":"https:\/\/rationalunicorn.com\/#\/schema\/logo\/image\/"},"sameAs":["https:\/\/www.facebook.com\/rationalunicornlegalservices","https:\/\/www.instagram.com\/rationalunicornlegalservices\/"]}]}},"_links":{"self":[{"href":"https:\/\/rationalunicorn.com\/es\/wp-json\/wp\/v2\/pages\/605","targetHints":{"allow":["GET"]}}],"collection":[{"href":"https:\/\/rationalunicorn.com\/es\/wp-json\/wp\/v2\/pages"}],"about":[{"href":"https:\/\/rationalunicorn.com\/es\/wp-json\/wp\/v2\/types\/page"}],"author":[{"embeddable":true,"href":"https:\/\/rationalunicorn.com\/es\/wp-json\/wp\/v2\/users\/2"}],"replies":[{"embeddable":true,"href":"https:\/\/rationalunicorn.com\/es\/wp-json\/wp\/v2\/comments?post=605"}],"version-history":[{"count":7,"href":"https:\/\/rationalunicorn.com\/es\/wp-json\/wp\/v2\/pages\/605\/revisions"}],"predecessor-version":[{"id":758,"href":"https:\/\/rationalunicorn.com\/es\/wp-json\/wp\/v2\/pages\/605\/revisions\/758"}],"up":[{"embeddable":true,"href":"https:\/\/rationalunicorn.com\/es\/wp-json\/wp\/v2\/pages\/568"}],"wp:featuredmedia":[{"embeddable":true,"href":"https:\/\/rationalunicorn.com\/es\/wp-json\/wp\/v2\/media\/574"}],"wp:attachment":[{"href":"https:\/\/rationalunicorn.com\/es\/wp-json\/wp\/v2\/media?parent=605"}],"curies":[{"name":"wp","href":"https:\/\/api.w.org\/{rel}","templated":true}]}}