{"id":604,"date":"2026-03-19T22:54:31","date_gmt":"2026-03-19T22:54:31","guid":{"rendered":"https:\/\/rationalunicorn.com\/?page_id=604"},"modified":"2026-03-25T01:34:53","modified_gmt":"2026-03-25T01:34:53","slug":"vera-cherny","status":"publish","type":"page","link":"https:\/\/rationalunicorn.com\/es\/our-team\/vera-cherny\/","title":{"rendered":"Vera Cherny"},"content":{"rendered":"<div data-elementor-type=\"wp-page\" data-elementor-id=\"604\" class=\"elementor elementor-604\" data-elementor-post-type=\"page\">\n\t\t\t\t<div class=\"elementor-element elementor-element-702c359 e-flex e-con-boxed e-con e-parent\" data-id=\"702c359\" data-element_type=\"container\" data-e-type=\"container\" data-settings=\"{&quot;background_background&quot;:&quot;classic&quot;}\">\n\t\t\t\t\t<div class=\"e-con-inner\">\n\t\t<div class=\"elementor-element elementor-element-5fcc03d e-con-full e-flex e-con e-child\" data-id=\"5fcc03d\" data-element_type=\"container\" data-e-type=\"container\">\n\t\t\t\t<div class=\"elementor-element elementor-element-5978732 elementor-widget elementor-widget-image\" data-id=\"5978732\" data-element_type=\"widget\" data-e-type=\"widget\" data-widget_type=\"image.default\">\n\t\t\t\t\t\t\t\t\t\t\t\t\t\t\t<img fetchpriority=\"high\" decoding=\"async\" width=\"683\" height=\"1024\" src=\"https:\/\/rationalunicorn.com\/wp-content\/uploads\/2026\/03\/RationalUnicornBranding2025-194-683x1024.webp\" class=\"attachment-large size-large wp-image-635\" alt=\"\" srcset=\"https:\/\/rationalunicorn.com\/wp-content\/uploads\/2026\/03\/RationalUnicornBranding2025-194-683x1024.webp 683w, https:\/\/rationalunicorn.com\/wp-content\/uploads\/2026\/03\/RationalUnicornBranding2025-194-200x300.webp 200w, https:\/\/rationalunicorn.com\/wp-content\/uploads\/2026\/03\/RationalUnicornBranding2025-194-768x1152.webp 768w, https:\/\/rationalunicorn.com\/wp-content\/uploads\/2026\/03\/RationalUnicornBranding2025-194-1024x1536.webp 1024w, https:\/\/rationalunicorn.com\/wp-content\/uploads\/2026\/03\/RationalUnicornBranding2025-194-1366x2048.webp 1366w, https:\/\/rationalunicorn.com\/wp-content\/uploads\/2026\/03\/RationalUnicornBranding2025-194-8x12.webp 8w, https:\/\/rationalunicorn.com\/wp-content\/uploads\/2026\/03\/RationalUnicornBranding2025-194.webp 1667w\" sizes=\"(max-width: 683px) 100vw, 683px\" \/>\t\t\t\t\t\t\t\t\t\t\t\t\t\t\t<\/div>\n\t\t\t\t<\/div>\n\t\t<div class=\"elementor-element elementor-element-049f986 e-con-full e-flex e-con e-child\" data-id=\"049f986\" data-element_type=\"container\" data-e-type=\"container\">\n\t\t<div class=\"elementor-element elementor-element-e325477 e-con-full e-flex e-con e-child\" data-id=\"e325477\" data-element_type=\"container\" data-e-type=\"container\">\n\t\t\t\t<div class=\"elementor-element elementor-element-d98fdbf elementor-widget elementor-widget-heading\" data-id=\"d98fdbf\" data-element_type=\"widget\" data-e-type=\"widget\" data-widget_type=\"heading.default\">\n\t\t\t\t\t<h1 class=\"elementor-heading-title elementor-size-default\">Vera Cherny<\/h1>\t\t\t\t<\/div>\n\t\t\t\t<div class=\"elementor-element elementor-element-caef22c elementor-widget elementor-widget-heading\" data-id=\"caef22c\" data-element_type=\"widget\" data-e-type=\"widget\" data-widget_type=\"heading.default\">\n\t\t\t\t\t<h4 class=\"elementor-heading-title elementor-size-default\">ella<\/h4>\t\t\t\t<\/div>\n\t\t\t\t<\/div>\n\t\t\t\t<div class=\"elementor-element elementor-element-bac1da1 elementor-widget elementor-widget-heading\" data-id=\"bac1da1\" data-element_type=\"widget\" data-e-type=\"widget\" data-widget_type=\"heading.default\">\n\t\t\t\t\t<h4 class=\"elementor-heading-title elementor-size-default\">Responsable de Operaciones<\/h4>\t\t\t\t<\/div>\n\t\t\t\t<\/div>\n\t\t\t\t\t<\/div>\n\t\t\t\t<\/div>\n\t\t<div class=\"elementor-element elementor-element-4abdeb1 e-flex e-con-boxed e-con e-parent\" data-id=\"4abdeb1\" data-element_type=\"container\" data-e-type=\"container\">\n\t\t\t\t\t<div class=\"e-con-inner\">\n\t\t<div class=\"elementor-element elementor-element-fafacb9 e-con-full e-flex e-con e-child\" data-id=\"fafacb9\" data-element_type=\"container\" data-e-type=\"container\">\n\t\t<div class=\"elementor-element elementor-element-70b9a47 e-con-full e-flex e-con e-child\" data-id=\"70b9a47\" data-element_type=\"container\" data-e-type=\"container\">\n\t\t\t\t<div class=\"elementor-element elementor-element-ff9bab1 elementor-icon-list--layout-traditional elementor-list-item-link-full_width elementor-widget elementor-widget-icon-list\" data-id=\"ff9bab1\" data-element_type=\"widget\" data-e-type=\"widget\" data-widget_type=\"icon-list.default\">\n\t\t\t\t\t\t\t<ul class=\"elementor-icon-list-items\">\n\t\t\t\t\t\t\t<li class=\"elementor-icon-list-item\">\n\t\t\t\t\t\t\t\t\t\t\t<span class=\"elementor-icon-list-icon\">\n\t\t\t\t\t\t\t<svg aria-hidden=\"true\" class=\"e-font-icon-svg e-fas-chevron-circle-right\" viewbox=\"0 0 512 512\" xmlns=\"http:\/\/www.w3.org\/2000\/svg\"><path d=\"M256 8c137 0 248 111 248 248S393 504 256 504 8 393 8 256 119 8 256 8zm113.9 231L234.4 103.5c-9.4-9.4-24.6-9.4-33.9 0l-17 17c-9.4 9.4-9.4 24.6 0 33.9L285.1 256 183.5 357.6c-9.4 9.4-9.4 24.6 0 33.9l17 17c9.4 9.4 24.6 9.4 33.9 0L369.9 273c9.4-9.4 9.4-24.6 0-34z\"><\/path><\/svg>\t\t\t\t\t\t<\/span>\n\t\t\t\t\t\t\t\t\t\t<span class=\"elementor-icon-list-text\">Apasionada por aprender \u2014viajando, leyendo y explorando nuevas ideas\u2014 y por ayudar a las personas<\/span>\n\t\t\t\t\t\t\t\t\t<\/li>\n\t\t\t\t\t\t\t\t<li class=\"elementor-icon-list-item\">\n\t\t\t\t\t\t\t\t\t\t\t<span class=\"elementor-icon-list-icon\">\n\t\t\t\t\t\t\t<svg aria-hidden=\"true\" class=\"e-font-icon-svg e-fas-chevron-circle-right\" viewbox=\"0 0 512 512\" xmlns=\"http:\/\/www.w3.org\/2000\/svg\"><path d=\"M256 8c137 0 248 111 248 248S393 504 256 504 8 393 8 256 119 8 256 8zm113.9 231L234.4 103.5c-9.4-9.4-24.6-9.4-33.9 0l-17 17c-9.4 9.4-9.4 24.6 0 33.9L285.1 256 183.5 357.6c-9.4 9.4-9.4 24.6 0 33.9l17 17c9.4 9.4 24.6 9.4 33.9 0L369.9 273c9.4-9.4 9.4-24.6 0-34z\"><\/path><\/svg>\t\t\t\t\t\t<\/span>\n\t\t\t\t\t\t\t\t\t\t<span class=\"elementor-icon-list-text\">M\u00e1ster en Bellas Artes (MFA), New School University, Nueva York<\/span>\n\t\t\t\t\t\t\t\t\t<\/li>\n\t\t\t\t\t\t\t\t<li class=\"elementor-icon-list-item\">\n\t\t\t\t\t\t\t\t\t\t\t<span class=\"elementor-icon-list-icon\">\n\t\t\t\t\t\t\t<svg aria-hidden=\"true\" class=\"e-font-icon-svg e-fas-chevron-circle-right\" viewbox=\"0 0 512 512\" xmlns=\"http:\/\/www.w3.org\/2000\/svg\"><path d=\"M256 8c137 0 248 111 248 248S393 504 256 504 8 393 8 256 119 8 256 8zm113.9 231L234.4 103.5c-9.4-9.4-24.6-9.4-33.9 0l-17 17c-9.4 9.4-9.4 24.6 0 33.9L285.1 256 183.5 357.6c-9.4 9.4-9.4 24.6 0 33.9l17 17c9.4 9.4 24.6 9.4 33.9 0L369.9 273c9.4-9.4 9.4-24.6 0-34z\"><\/path><\/svg>\t\t\t\t\t\t<\/span>\n\t\t\t\t\t\t\t\t\t\t<span class=\"elementor-icon-list-text\">Habla tres idiomas y disfruta bailar salsa<\/span>\n\t\t\t\t\t\t\t\t\t<\/li>\n\t\t\t\t\t\t<\/ul>\n\t\t\t\t\t\t<\/div>\n\t\t\t\t<div class=\"elementor-element elementor-element-122928f elementor-widget elementor-widget-heading\" data-id=\"122928f\" data-element_type=\"widget\" data-e-type=\"widget\" data-widget_type=\"heading.default\">\n\t\t\t\t\t<h4 class=\"elementor-heading-title elementor-size-default\">T\u00edtulos y certificaciones<\/h4>\t\t\t\t<\/div>\n\t\t\t\t<div class=\"elementor-element elementor-element-edeac7c elementor-icon-list--layout-traditional elementor-list-item-link-full_width elementor-widget elementor-widget-icon-list\" data-id=\"edeac7c\" data-element_type=\"widget\" data-e-type=\"widget\" data-widget_type=\"icon-list.default\">\n\t\t\t\t\t\t\t<ul class=\"elementor-icon-list-items\">\n\t\t\t\t\t\t\t<li class=\"elementor-icon-list-item\">\n\t\t\t\t\t\t\t\t\t\t\t<span class=\"elementor-icon-list-icon\">\n\t\t\t\t\t\t\t<svg aria-hidden=\"true\" class=\"e-font-icon-svg e-fas-chevron-circle-right\" viewbox=\"0 0 512 512\" xmlns=\"http:\/\/www.w3.org\/2000\/svg\"><path d=\"M256 8c137 0 248 111 248 248S393 504 256 504 8 393 8 256 119 8 256 8zm113.9 231L234.4 103.5c-9.4-9.4-24.6-9.4-33.9 0l-17 17c-9.4 9.4-9.4 24.6 0 33.9L285.1 256 183.5 357.6c-9.4 9.4-9.4 24.6 0 33.9l17 17c9.4 9.4 24.6 9.4 33.9 0L369.9 273c9.4-9.4 9.4-24.6 0-34z\"><\/path><\/svg>\t\t\t\t\t\t<\/span>\n\t\t\t\t\t\t\t\t\t\t<span class=\"elementor-icon-list-text\"><b>M\u00e1ster en Bellas Artes (MFA), <\/b><br>New School University, Nueva York<\/span>\n\t\t\t\t\t\t\t\t\t<\/li>\n\t\t\t\t\t\t<\/ul>\n\t\t\t\t\t\t<\/div>\n\t\t\t\t<\/div>\n\t\t\t\t<div class=\"elementor-element elementor-element-4fc34ce elementor-align-left elementor-hidden-tablet elementor-hidden-mobile elementor-widget elementor-widget-button\" data-id=\"4fc34ce\" data-element_type=\"widget\" data-e-type=\"widget\" data-widget_type=\"button.default\">\n\t\t\t\t\t\t\t\t\t\t<a class=\"elementor-button elementor-button-link elementor-size-sm\" href=\"https:\/\/rationalunicorn.com\/es\/about-rational-unicorn\/our-team\/\">\n\t\t\t\t\t\t<span class=\"elementor-button-content-wrapper\">\n\t\t\t\t\t\t<span class=\"elementor-button-icon\">\n\t\t\t\t<svg aria-hidden=\"true\" class=\"e-font-icon-svg e-fas-arrow-left\" viewbox=\"0 0 448 512\" xmlns=\"http:\/\/www.w3.org\/2000\/svg\"><path d=\"M257.5 445.1l-22.2 22.2c-9.4 9.4-24.6 9.4-33.9 0L7 273c-9.4-9.4-9.4-24.6 0-33.9L201.4 44.7c9.4-9.4 24.6-9.4 33.9 0l22.2 22.2c9.5 9.5 9.3 25-.4 34.3L136.6 216H424c13.3 0 24 10.7 24 24v32c0 13.3-10.7 24-24 24H136.6l120.5 114.8c9.8 9.3 10 24.8.4 34.3z\"><\/path><\/svg>\t\t\t<\/span>\n\t\t\t\t\t\t\t\t\t<span class=\"elementor-button-text\">Volver al equipo<\/span>\n\t\t\t\t\t<\/span>\n\t\t\t\t\t<\/a>\n\t\t\t\t\t\t\t\t<\/div>\n\t\t\t\t<\/div>\n\t\t<div class=\"elementor-element elementor-element-aee902a e-con-full e-flex e-con e-child\" data-id=\"aee902a\" data-element_type=\"container\" data-e-type=\"container\">\n\t\t\t\t<div class=\"elementor-element elementor-element-3f42a33 elementor-widget elementor-widget-text-editor\" data-id=\"3f42a33\" data-element_type=\"widget\" data-e-type=\"widget\" data-widget_type=\"text-editor.default\">\n\t\t\t\t\t\t\t\t\t<p><b>Vera Cherny aporta una mirada creativa y la disciplina de una productora a su trabajo tras bambalinas.<\/b><\/p><p>Es la persona que aporta claridad y resuelve problemas multiling\u00fce dentro del equipo, permitiendo que cada uno se enfoque en sus fortalezas. Cuida tanto las din\u00e1micas humanas como los detalles estrat\u00e9gicos que hacen avanzar el trabajo con sentido. Este rol se basa en sus propias fortalezas: visi\u00f3n global, anticipaci\u00f3n y una gesti\u00f3n equilibrada de m\u00faltiples prioridades. Vera cree que, con empat\u00eda y creatividad, incluso los desaf\u00edos m\u00e1s complejos pueden resolverse.<\/p>\n<p>Cuenta con una doble licenciatura en Ingl\u00e9s y Periodismo, y posteriormente obtuvo un M\u00e1ster en Bellas Artes (MFA) en New School University, en Nueva York. Durante m\u00e1s de dos d\u00e9cadas trabaj\u00f3 en Los \u00c1ngeles como guionista, actriz, cineasta y productora, experiencia que fortaleci\u00f3 su capacidad de comunicaci\u00f3n, su mirada narrativa y su habilidad para llevar proyectos desde la idea hasta su ejecuci\u00f3n. <\/p>\n<p>Nacida en la ex Uni\u00f3n Sovi\u00e9tica y criada en Alemania Oriental, lleg\u00f3 sola a Estados Unidos a los 16 a\u00f1os gracias a una beca. Esta experiencia marc\u00f3 profundamente su forma de ver el mundo: le ense\u00f1\u00f3 a adaptarse, a avanzar con determinaci\u00f3n y a encontrar oportunidades incluso en escenarios complejos. <\/p>\t\t\t\t\t\t\t\t<\/div>\n\t\t\t\t<div class=\"elementor-element elementor-element-b7eee3a elementor-align-left elementor-hidden-desktop elementor-widget elementor-widget-button\" data-id=\"b7eee3a\" data-element_type=\"widget\" data-e-type=\"widget\" data-widget_type=\"button.default\">\n\t\t\t\t\t\t\t\t\t\t<a class=\"elementor-button elementor-button-link elementor-size-sm\" href=\"https:\/\/rationalunicorn.com\/es\/about-rational-unicorn\/our-team\/\">\n\t\t\t\t\t\t<span class=\"elementor-button-content-wrapper\">\n\t\t\t\t\t\t<span class=\"elementor-button-icon\">\n\t\t\t\t<svg aria-hidden=\"true\" class=\"e-font-icon-svg e-fas-arrow-left\" viewbox=\"0 0 448 512\" xmlns=\"http:\/\/www.w3.org\/2000\/svg\"><path d=\"M257.5 445.1l-22.2 22.2c-9.4 9.4-24.6 9.4-33.9 0L7 273c-9.4-9.4-9.4-24.6 0-33.9L201.4 44.7c9.4-9.4 24.6-9.4 33.9 0l22.2 22.2c9.5 9.5 9.3 25-.4 34.3L136.6 216H424c13.3 0 24 10.7 24 24v32c0 13.3-10.7 24-24 24H136.6l120.5 114.8c9.8 9.3 10 24.8.4 34.3z\"><\/path><\/svg>\t\t\t<\/span>\n\t\t\t\t\t\t\t\t\t<span class=\"elementor-button-text\">Volver al equipo<\/span>\n\t\t\t\t\t<\/span>\n\t\t\t\t\t<\/a>\n\t\t\t\t\t\t\t\t<\/div>\n\t\t\t\t<\/div>\n\t\t\t\t\t<\/div>\n\t\t\t\t<\/div>\n\t\t\t\t<\/div>","protected":false},"excerpt":{"rendered":"<p>Vera Cherny she\/her Chief of Staff Passionate about learning about the world through travel and books (#nerd), as well as helping people Holds an MFA from New School University in New York City Speaks three languages and dances salsa Degrees &amp; Certifications Masters of Fine Arts New School University, New York City Back to Team [&hellip;]<\/p>\n","protected":false},"author":2,"featured_media":573,"parent":568,"menu_order":0,"comment_status":"closed","ping_status":"closed","template":"","meta":{"footnotes":"","_links_to":"","_links_to_target":""},"class_list":["post-604","page","type-page","status-publish","has-post-thumbnail","hentry"],"yoast_head":"<!-- This site is optimized with the Yoast SEO plugin v27.6 - https:\/\/yoast.com\/product\/yoast-seo-wordpress\/ -->\n<title>Vera Cherny - Rational Unicorn Legal Services<\/title>\n<meta name=\"robots\" content=\"index, follow, max-snippet:-1, max-image-preview:large, max-video-preview:-1\" \/>\n<link rel=\"canonical\" href=\"https:\/\/rationalunicorn.com\/es\/our-team\/vera-cherny\/\" \/>\n<meta property=\"og:locale\" content=\"es_MX\" \/>\n<meta property=\"og:type\" content=\"article\" \/>\n<meta property=\"og:title\" content=\"Vera Cherny - Rational Unicorn Legal Services\" \/>\n<meta property=\"og:description\" content=\"Vera Cherny she\/her Chief of Staff Passionate about learning about the world through travel and books (#nerd), as well as helping people Holds an MFA from New School University in New York City Speaks three languages and dances salsa Degrees &amp; Certifications Masters of Fine Arts New School University, New York City Back to Team [&hellip;]\" \/>\n<meta property=\"og:url\" content=\"https:\/\/rationalunicorn.com\/es\/our-team\/vera-cherny\/\" \/>\n<meta property=\"og:site_name\" content=\"Rational Unicorn Legal Services\" \/>\n<meta property=\"article:publisher\" content=\"https:\/\/www.facebook.com\/rationalunicornlegalservices\" \/>\n<meta property=\"article:modified_time\" content=\"2026-03-25T01:34:53+00:00\" \/>\n<meta property=\"og:image\" content=\"https:\/\/rationalunicorn.com\/wp-content\/uploads\/2026\/03\/vera.webp\" \/>\n\t<meta property=\"og:image:width\" content=\"1667\" \/>\n\t<meta property=\"og:image:height\" content=\"2500\" \/>\n\t<meta property=\"og:image:type\" content=\"image\/webp\" \/>\n<meta name=\"twitter:card\" content=\"summary_large_image\" \/>\n<meta name=\"twitter:label1\" content=\"Tiempo de lectura\" \/>\n\t<meta name=\"twitter:data1\" content=\"2 minutos\" \/>\n<script type=\"application\/ld+json\" class=\"yoast-schema-graph\">{\"@context\":\"https:\\\/\\\/schema.org\",\"@graph\":[{\"@type\":\"WebPage\",\"@id\":\"https:\\\/\\\/rationalunicorn.com\\\/our-team\\\/vera-cherny\\\/\",\"url\":\"https:\\\/\\\/rationalunicorn.com\\\/our-team\\\/vera-cherny\\\/\",\"name\":\"Vera Cherny - Rational Unicorn Legal Services\",\"isPartOf\":{\"@id\":\"https:\\\/\\\/rationalunicorn.com\\\/#website\"},\"primaryImageOfPage\":{\"@id\":\"https:\\\/\\\/rationalunicorn.com\\\/our-team\\\/vera-cherny\\\/#primaryimage\"},\"image\":{\"@id\":\"https:\\\/\\\/rationalunicorn.com\\\/our-team\\\/vera-cherny\\\/#primaryimage\"},\"thumbnailUrl\":\"https:\\\/\\\/rationalunicorn.com\\\/wp-content\\\/uploads\\\/2026\\\/03\\\/vera.webp\",\"datePublished\":\"2026-03-19T22:54:31+00:00\",\"dateModified\":\"2026-03-25T01:34:53+00:00\",\"breadcrumb\":{\"@id\":\"https:\\\/\\\/rationalunicorn.com\\\/our-team\\\/vera-cherny\\\/#breadcrumb\"},\"inLanguage\":\"es\",\"potentialAction\":[{\"@type\":\"ReadAction\",\"target\":[\"https:\\\/\\\/rationalunicorn.com\\\/our-team\\\/vera-cherny\\\/\"]}]},{\"@type\":\"ImageObject\",\"inLanguage\":\"es\",\"@id\":\"https:\\\/\\\/rationalunicorn.com\\\/our-team\\\/vera-cherny\\\/#primaryimage\",\"url\":\"https:\\\/\\\/rationalunicorn.com\\\/wp-content\\\/uploads\\\/2026\\\/03\\\/vera.webp\",\"contentUrl\":\"https:\\\/\\\/rationalunicorn.com\\\/wp-content\\\/uploads\\\/2026\\\/03\\\/vera.webp\",\"width\":1667,\"height\":2500},{\"@type\":\"BreadcrumbList\",\"@id\":\"https:\\\/\\\/rationalunicorn.com\\\/our-team\\\/vera-cherny\\\/#breadcrumb\",\"itemListElement\":[{\"@type\":\"ListItem\",\"position\":1,\"name\":\"Home\",\"item\":\"https:\\\/\\\/rationalunicorn.com\\\/\"},{\"@type\":\"ListItem\",\"position\":2,\"name\":\"Our Team\",\"item\":\"https:\\\/\\\/rationalunicorn.com\\\/our-team\\\/\"},{\"@type\":\"ListItem\",\"position\":3,\"name\":\"Vera Cherny\"}]},{\"@type\":\"WebSite\",\"@id\":\"https:\\\/\\\/rationalunicorn.com\\\/#website\",\"url\":\"https:\\\/\\\/rationalunicorn.com\\\/\",\"name\":\"Rational Unicorn Legal Services\",\"description\":\"Uncommonly Possible\",\"publisher\":{\"@id\":\"https:\\\/\\\/rationalunicorn.com\\\/#organization\"},\"potentialAction\":[{\"@type\":\"SearchAction\",\"target\":{\"@type\":\"EntryPoint\",\"urlTemplate\":\"https:\\\/\\\/rationalunicorn.com\\\/?s={search_term_string}\"},\"query-input\":{\"@type\":\"PropertyValueSpecification\",\"valueRequired\":true,\"valueName\":\"search_term_string\"}}],\"inLanguage\":\"es\"},{\"@type\":\"Organization\",\"@id\":\"https:\\\/\\\/rationalunicorn.com\\\/#organization\",\"name\":\"Rational Unicorn Legal Services\",\"url\":\"https:\\\/\\\/rationalunicorn.com\\\/\",\"logo\":{\"@type\":\"ImageObject\",\"inLanguage\":\"es\",\"@id\":\"https:\\\/\\\/rationalunicorn.com\\\/#\\\/schema\\\/logo\\\/image\\\/\",\"url\":\"https:\\\/\\\/rationalunicorn.com\\\/wp-content\\\/uploads\\\/2026\\\/01\\\/RU-Horizontal-Logo_MAINTL.jpg\",\"contentUrl\":\"https:\\\/\\\/rationalunicorn.com\\\/wp-content\\\/uploads\\\/2026\\\/01\\\/RU-Horizontal-Logo_MAINTL.jpg\",\"width\":730,\"height\":205,\"caption\":\"Rational Unicorn Legal Services\"},\"image\":{\"@id\":\"https:\\\/\\\/rationalunicorn.com\\\/#\\\/schema\\\/logo\\\/image\\\/\"},\"sameAs\":[\"https:\\\/\\\/www.facebook.com\\\/rationalunicornlegalservices\",\"https:\\\/\\\/www.instagram.com\\\/rationalunicornlegalservices\\\/\"]}]}<\/script>\n<!-- \/ Yoast SEO plugin. -->","yoast_head_json":{"title":"Vera Cherny - Rational Unicorn Legal Services","robots":{"index":"index","follow":"follow","max-snippet":"max-snippet:-1","max-image-preview":"max-image-preview:large","max-video-preview":"max-video-preview:-1"},"canonical":"https:\/\/rationalunicorn.com\/es\/our-team\/vera-cherny\/","og_locale":"es_MX","og_type":"article","og_title":"Vera Cherny - Rational Unicorn Legal Services","og_description":"Vera Cherny she\/her Chief of Staff Passionate about learning about the world through travel and books (#nerd), as well as helping people Holds an MFA from New School University in New York City Speaks three languages and dances salsa Degrees &amp; Certifications Masters of Fine Arts New School University, New York City Back to Team [&hellip;]","og_url":"https:\/\/rationalunicorn.com\/es\/our-team\/vera-cherny\/","og_site_name":"Rational Unicorn Legal Services","article_publisher":"https:\/\/www.facebook.com\/rationalunicornlegalservices","article_modified_time":"2026-03-25T01:34:53+00:00","og_image":[{"width":1667,"height":2500,"url":"https:\/\/rationalunicorn.com\/wp-content\/uploads\/2026\/03\/vera.webp","type":"image\/webp"}],"twitter_card":"summary_large_image","twitter_misc":{"Tiempo de lectura":"2 minutos"},"schema":{"@context":"https:\/\/schema.org","@graph":[{"@type":"WebPage","@id":"https:\/\/rationalunicorn.com\/our-team\/vera-cherny\/","url":"https:\/\/rationalunicorn.com\/our-team\/vera-cherny\/","name":"Vera Cherny - Rational Unicorn Legal Services","isPartOf":{"@id":"https:\/\/rationalunicorn.com\/#website"},"primaryImageOfPage":{"@id":"https:\/\/rationalunicorn.com\/our-team\/vera-cherny\/#primaryimage"},"image":{"@id":"https:\/\/rationalunicorn.com\/our-team\/vera-cherny\/#primaryimage"},"thumbnailUrl":"https:\/\/rationalunicorn.com\/wp-content\/uploads\/2026\/03\/vera.webp","datePublished":"2026-03-19T22:54:31+00:00","dateModified":"2026-03-25T01:34:53+00:00","breadcrumb":{"@id":"https:\/\/rationalunicorn.com\/our-team\/vera-cherny\/#breadcrumb"},"inLanguage":"es","potentialAction":[{"@type":"ReadAction","target":["https:\/\/rationalunicorn.com\/our-team\/vera-cherny\/"]}]},{"@type":"ImageObject","inLanguage":"es","@id":"https:\/\/rationalunicorn.com\/our-team\/vera-cherny\/#primaryimage","url":"https:\/\/rationalunicorn.com\/wp-content\/uploads\/2026\/03\/vera.webp","contentUrl":"https:\/\/rationalunicorn.com\/wp-content\/uploads\/2026\/03\/vera.webp","width":1667,"height":2500},{"@type":"BreadcrumbList","@id":"https:\/\/rationalunicorn.com\/our-team\/vera-cherny\/#breadcrumb","itemListElement":[{"@type":"ListItem","position":1,"name":"Home","item":"https:\/\/rationalunicorn.com\/"},{"@type":"ListItem","position":2,"name":"Our Team","item":"https:\/\/rationalunicorn.com\/our-team\/"},{"@type":"ListItem","position":3,"name":"Vera Cherny"}]},{"@type":"WebSite","@id":"https:\/\/rationalunicorn.com\/#website","url":"https:\/\/rationalunicorn.com\/","name":"Rational Unicorn Legal Services","description":"Hacemos posible lo extraordinario","publisher":{"@id":"https:\/\/rationalunicorn.com\/#organization"},"potentialAction":[{"@type":"SearchAction","target":{"@type":"EntryPoint","urlTemplate":"https:\/\/rationalunicorn.com\/?s={search_term_string}"},"query-input":{"@type":"PropertyValueSpecification","valueRequired":true,"valueName":"search_term_string"}}],"inLanguage":"es"},{"@type":"Organization","@id":"https:\/\/rationalunicorn.com\/#organization","name":"Rational Unicorn Legal Services","url":"https:\/\/rationalunicorn.com\/","logo":{"@type":"ImageObject","inLanguage":"es","@id":"https:\/\/rationalunicorn.com\/#\/schema\/logo\/image\/","url":"https:\/\/rationalunicorn.com\/wp-content\/uploads\/2026\/01\/RU-Horizontal-Logo_MAINTL.jpg","contentUrl":"https:\/\/rationalunicorn.com\/wp-content\/uploads\/2026\/01\/RU-Horizontal-Logo_MAINTL.jpg","width":730,"height":205,"caption":"Rational Unicorn Legal Services"},"image":{"@id":"https:\/\/rationalunicorn.com\/#\/schema\/logo\/image\/"},"sameAs":["https:\/\/www.facebook.com\/rationalunicornlegalservices","https:\/\/www.instagram.com\/rationalunicornlegalservices\/"]}]}},"_links":{"self":[{"href":"https:\/\/rationalunicorn.com\/es\/wp-json\/wp\/v2\/pages\/604","targetHints":{"allow":["GET"]}}],"collection":[{"href":"https:\/\/rationalunicorn.com\/es\/wp-json\/wp\/v2\/pages"}],"about":[{"href":"https:\/\/rationalunicorn.com\/es\/wp-json\/wp\/v2\/types\/page"}],"author":[{"embeddable":true,"href":"https:\/\/rationalunicorn.com\/es\/wp-json\/wp\/v2\/users\/2"}],"replies":[{"embeddable":true,"href":"https:\/\/rationalunicorn.com\/es\/wp-json\/wp\/v2\/comments?post=604"}],"version-history":[{"count":10,"href":"https:\/\/rationalunicorn.com\/es\/wp-json\/wp\/v2\/pages\/604\/revisions"}],"predecessor-version":[{"id":755,"href":"https:\/\/rationalunicorn.com\/es\/wp-json\/wp\/v2\/pages\/604\/revisions\/755"}],"up":[{"embeddable":true,"href":"https:\/\/rationalunicorn.com\/es\/wp-json\/wp\/v2\/pages\/568"}],"wp:featuredmedia":[{"embeddable":true,"href":"https:\/\/rationalunicorn.com\/es\/wp-json\/wp\/v2\/media\/573"}],"wp:attachment":[{"href":"https:\/\/rationalunicorn.com\/es\/wp-json\/wp\/v2\/media?parent=604"}],"curies":[{"name":"wp","href":"https:\/\/api.w.org\/{rel}","templated":true}]}}