{"id":288,"date":"2026-02-11T22:44:09","date_gmt":"2026-02-11T22:44:09","guid":{"rendered":"https:\/\/rationalunicorn.com\/?page_id=288"},"modified":"2026-03-25T01:32:06","modified_gmt":"2026-03-25T01:32:06","slug":"billing-and-process","status":"publish","type":"page","link":"https:\/\/rationalunicorn.com\/es\/billing-and-process\/","title":{"rendered":"Facturaci\u00f3n y procesos"},"content":{"rendered":"<div data-elementor-type=\"wp-page\" data-elementor-id=\"288\" class=\"elementor elementor-288\" data-elementor-post-type=\"page\">\n\t\t\t\t<div class=\"elementor-element elementor-element-c6f1c5b elementor-hidden-mobile e-flex e-con-boxed e-con e-parent\" data-id=\"c6f1c5b\" data-element_type=\"container\" data-e-type=\"container\" data-settings=\"{&quot;background_background&quot;:&quot;classic&quot;}\">\n\t\t\t\t\t<div class=\"e-con-inner\">\n\t\t<div class=\"elementor-element elementor-element-8bcf814 e-con-full e-flex e-con e-child\" data-id=\"8bcf814\" data-element_type=\"container\" data-e-type=\"container\">\n\t\t\t\t<div class=\"elementor-element elementor-element-c928d00 elementor-widget__width-initial elementor-widget elementor-widget-heading\" data-id=\"c928d00\" data-element_type=\"widget\" data-e-type=\"widget\" data-widget_type=\"heading.default\">\n\t\t\t\t\t<h2 class=\"elementor-heading-title elementor-size-default\">Trabajo legal con alcances y l\u00edmites claros.<\/h2>\t\t\t\t<\/div>\n\t\t\t\t<\/div>\n\t\t<div class=\"elementor-element elementor-element-1b061e6 e-con-full e-flex e-con e-child\" data-id=\"1b061e6\" data-element_type=\"container\" data-e-type=\"container\">\n\t\t\t\t<div class=\"elementor-element elementor-element-1756eb7 elementor-widget__width-initial elementor-widget elementor-widget-text-editor\" data-id=\"1756eb7\" data-element_type=\"widget\" data-e-type=\"widget\" data-widget_type=\"text-editor.default\">\n\t\t\t\t\t\t\t\t\t<p>El trabajo legal frecuentemente est\u00e1 fuera del alcance de las peque\u00f1as empresas y organizaciones sin fines de lucro. Estamos aqu\u00ed para cambiar esa realidad.<\/p><p>Adoptamos un enfoque inusualmente transparente en el mundo legal, haci\u00e9ndolo m\u00e1s f\u00e1cil de entender y m\u00e1s f\u00e1cil de planificar.<\/p>\t\t\t\t\t\t\t\t<\/div>\n\t\t\t\t<\/div>\n\t\t\t\t\t<\/div>\n\t\t\t\t<\/div>\n\t\t<div class=\"elementor-element elementor-element-7a650a7 elementor-hidden-desktop elementor-hidden-tablet e-flex e-con-boxed e-con e-parent\" data-id=\"7a650a7\" data-element_type=\"container\" data-e-type=\"container\" data-settings=\"{&quot;background_background&quot;:&quot;classic&quot;}\">\n\t\t\t\t\t<div class=\"e-con-inner\">\n\t\t<div class=\"elementor-element elementor-element-eed7586 e-con-full e-flex e-con e-child\" data-id=\"eed7586\" data-element_type=\"container\" data-e-type=\"container\">\n\t\t\t\t<div class=\"elementor-element elementor-element-4089c9a elementor-widget__width-initial elementor-widget elementor-widget-heading\" data-id=\"4089c9a\" data-element_type=\"widget\" data-e-type=\"widget\" data-widget_type=\"heading.default\">\n\t\t\t\t\t<h2 class=\"elementor-heading-title elementor-size-default\">Trabajo legal con alcances y l\u00edmites claros.<\/h2>\t\t\t\t<\/div>\n\t\t\t\t<\/div>\n\t\t<div class=\"elementor-element elementor-element-51a6c20 e-con-full e-flex e-con e-child\" data-id=\"51a6c20\" data-element_type=\"container\" data-e-type=\"container\">\n\t\t\t\t<div class=\"elementor-element elementor-element-3f7b5c6 elementor-widget__width-initial elementor-widget elementor-widget-text-editor\" data-id=\"3f7b5c6\" data-element_type=\"widget\" data-e-type=\"widget\" data-widget_type=\"text-editor.default\">\n\t\t\t\t\t\t\t\t\t<p>El trabajo legal frecuentemente est\u00e1 fuera del alcance de las peque\u00f1as empresas y organizaciones sin fines de lucro. Estamos aqu\u00ed para cambiar esa realidad.<\/p><p>Adoptamos un enfoque inusualmente transparente en el mundo legal, haci\u00e9ndolo m\u00e1s f\u00e1cil de entender y m\u00e1s f\u00e1cil de planificar.<\/p>\t\t\t\t\t\t\t\t<\/div>\n\t\t\t\t<\/div>\n\t\t\t\t\t<\/div>\n\t\t\t\t<\/div>\n\t\t<div class=\"elementor-element elementor-element-f0dcbb0 e-flex e-con-boxed e-con e-parent\" data-id=\"f0dcbb0\" data-element_type=\"container\" data-e-type=\"container\">\n\t\t\t\t\t<div class=\"e-con-inner\">\n\t\t\t\t<div class=\"elementor-element elementor-element-6c23e32 elementor-widget elementor-widget-heading\" data-id=\"6c23e32\" data-element_type=\"widget\" data-e-type=\"widget\" data-widget_type=\"heading.default\">\n\t\t\t\t\t<h2 class=\"elementor-heading-title elementor-size-default\">C\u00f3mo hacemos las cosas diferentes<\/h2>\t\t\t\t<\/div>\n\t\t<div class=\"elementor-element elementor-element-7148851 e-con-full e-flex e-con e-child\" data-id=\"7148851\" data-element_type=\"container\" data-e-type=\"container\" data-settings=\"{&quot;background_background&quot;:&quot;classic&quot;}\">\n\t\t<div class=\"elementor-element elementor-element-1748563 e-con-full e-flex e-con e-child\" data-id=\"1748563\" data-element_type=\"container\" data-e-type=\"container\" data-settings=\"{&quot;background_background&quot;:&quot;classic&quot;}\">\n\t\t\t\t<div class=\"elementor-element elementor-element-c73ba18 elementor-widget__width-initial elementor-widget elementor-widget-heading\" data-id=\"c73ba18\" data-element_type=\"widget\" data-e-type=\"widget\" data-widget_type=\"heading.default\">\n\t\t\t\t\t<h3 class=\"elementor-heading-title elementor-size-default\"><b>Honorarios fijos basados<\/b>en proyectos.<\/h3>\t\t\t\t<\/div>\n\t\t\t\t<\/div>\n\t\t\t\t<div class=\"elementor-element elementor-element-50fde34 elementor-widget elementor-widget-text-editor\" data-id=\"50fde34\" data-element_type=\"widget\" data-e-type=\"widget\" data-widget_type=\"text-editor.default\">\n\t\t\t\t\t\t\t\t\t<p>Las retenciones y la facturaci\u00f3n por hora hacen que los costos sean dif\u00edciles de predecir. Definimos el alcance de cada proyecto y cotizamos una tarifa fija por adelantado para que puedas elegir qu\u00e9 priorizar ahora y qu\u00e9 asumir despu\u00e9s.<\/p>\t\t\t\t\t\t\t\t<\/div>\n\t\t\t\t<\/div>\n\t\t<div class=\"elementor-element elementor-element-fe43a9d e-con-full e-flex e-con e-child\" data-id=\"fe43a9d\" data-element_type=\"container\" data-e-type=\"container\" data-settings=\"{&quot;background_background&quot;:&quot;classic&quot;}\">\n\t\t<div class=\"elementor-element elementor-element-3493430 e-con-full e-flex e-con e-child\" data-id=\"3493430\" data-element_type=\"container\" data-e-type=\"container\" data-settings=\"{&quot;background_background&quot;:&quot;classic&quot;}\">\n\t\t\t\t<div class=\"elementor-element elementor-element-b66ad0f elementor-widget__width-initial elementor-widget elementor-widget-heading\" data-id=\"b66ad0f\" data-element_type=\"widget\" data-e-type=\"widget\" data-widget_type=\"heading.default\">\n\t\t\t\t\t<h3 class=\"elementor-heading-title elementor-size-default\"><b>Un alcance claro,<\/b><br>desde el inicio.<\/h3>\t\t\t\t<\/div>\n\t\t\t\t<\/div>\n\t\t\t\t<div class=\"elementor-element elementor-element-4e59d91 elementor-widget elementor-widget-text-editor\" data-id=\"4e59d91\" data-element_type=\"widget\" data-e-type=\"widget\" data-widget_type=\"text-editor.default\">\n\t\t\t\t\t\t\t\t\t<p>Un alcance mal estructurado, puede generar tareas adicionales y costos no previstos. Adaptamos el alcance de cada proyecto para ajustarse a tus necesidades exactas. Si surge trabajo adicional, definiremos los siguientes pasos en un nuevo alcance.<\/p>\t\t\t\t\t\t\t\t<\/div>\n\t\t\t\t<\/div>\n\t\t<div class=\"elementor-element elementor-element-fd634f5 e-con-full e-flex e-con e-child\" data-id=\"fd634f5\" data-element_type=\"container\" data-e-type=\"container\" data-settings=\"{&quot;background_background&quot;:&quot;classic&quot;}\">\n\t\t<div class=\"elementor-element elementor-element-cb05cb6 e-con-full e-flex e-con e-child\" data-id=\"cb05cb6\" data-element_type=\"container\" data-e-type=\"container\" data-settings=\"{&quot;background_background&quot;:&quot;classic&quot;}\">\n\t\t\t\t<div class=\"elementor-element elementor-element-0971268 elementor-widget__width-initial elementor-widget elementor-widget-heading\" data-id=\"0971268\" data-element_type=\"widget\" data-e-type=\"widget\" data-widget_type=\"heading.default\">\n\t\t\t\t\t<h3 class=\"elementor-heading-title elementor-size-default\"><b>Plazos definidos,<\/b><br>no procesos interminables.<\/h3>\t\t\t\t<\/div>\n\t\t\t\t<\/div>\n\t\t\t\t<div class=\"elementor-element elementor-element-7864db7 elementor-widget elementor-widget-text-editor\" data-id=\"7864db7\" data-element_type=\"widget\" data-e-type=\"widget\" data-widget_type=\"text-editor.default\">\n\t\t\t\t\t\t\t\t\t<p>El trabajo legal tradicional muchas veces no tiene una fecha de t\u00e9rmino. Nosotros establecemos expectativas realistas desde el inicio y mantenemos los proyectos en curso para que nunca te quedes esperando o con incertidumbre.<\/p>\t\t\t\t\t\t\t\t<\/div>\n\t\t\t\t<\/div>\n\t\t\t\t\t<\/div>\n\t\t\t\t<\/div>\n\t\t<div class=\"elementor-element elementor-element-f7eb838 e-flex e-con-boxed e-con e-parent\" data-id=\"f7eb838\" data-element_type=\"container\" data-e-type=\"container\">\n\t\t\t\t\t<div class=\"e-con-inner\">\n\t\t<div class=\"elementor-element elementor-element-bcaa4cb e-con-full e-flex e-con e-child\" data-id=\"bcaa4cb\" data-element_type=\"container\" data-e-type=\"container\">\n\t\t\t\t<div class=\"elementor-element elementor-element-c7a8a09 elementor-widget elementor-widget-image\" data-id=\"c7a8a09\" data-element_type=\"widget\" data-e-type=\"widget\" data-widget_type=\"image.default\">\n\t\t\t\t\t\t\t\t\t\t\t\t\t\t\t<img fetchpriority=\"high\" decoding=\"async\" width=\"800\" height=\"534\" src=\"https:\/\/rationalunicorn.com\/wp-content\/uploads\/2026\/02\/RationalUnicornBranding2025-171-1024x683.webp\" class=\"attachment-large size-large wp-image-297\" alt=\"\" srcset=\"https:\/\/rationalunicorn.com\/wp-content\/uploads\/2026\/02\/RationalUnicornBranding2025-171-1024x683.webp 1024w, https:\/\/rationalunicorn.com\/wp-content\/uploads\/2026\/02\/RationalUnicornBranding2025-171-300x200.webp 300w, https:\/\/rationalunicorn.com\/wp-content\/uploads\/2026\/02\/RationalUnicornBranding2025-171-768x512.webp 768w, https:\/\/rationalunicorn.com\/wp-content\/uploads\/2026\/02\/RationalUnicornBranding2025-171-1536x1024.webp 1536w, https:\/\/rationalunicorn.com\/wp-content\/uploads\/2026\/02\/RationalUnicornBranding2025-171-2048x1366.webp 2048w, https:\/\/rationalunicorn.com\/wp-content\/uploads\/2026\/02\/RationalUnicornBranding2025-171-18x12.webp 18w\" sizes=\"(max-width: 800px) 100vw, 800px\" \/>\t\t\t\t\t\t\t\t\t\t\t\t\t\t\t<\/div>\n\t\t\t\t<\/div>\n\t\t<div class=\"elementor-element elementor-element-74aa45d e-con-full e-flex e-con e-child\" data-id=\"74aa45d\" data-element_type=\"container\" data-e-type=\"container\">\n\t\t\t\t<div class=\"elementor-element elementor-element-0d41612 elementor-widget__width-initial elementor-widget elementor-widget-heading\" data-id=\"0d41612\" data-element_type=\"widget\" data-e-type=\"widget\" data-widget_type=\"heading.default\">\n\t\t\t\t\t<h2 class=\"elementor-heading-title elementor-size-default\">Opciones de pago para comenzar.<\/h2>\t\t\t\t<\/div>\n\t\t\t\t<div class=\"elementor-element elementor-element-c85cc19 elementor-widget elementor-widget-text-editor\" data-id=\"c85cc19\" data-element_type=\"widget\" data-e-type=\"widget\" data-widget_type=\"text-editor.default\">\n\t\t\t\t\t\t\t\t\t<p>El pago es necesario para iniciar cada proyecto. Ofrecemos opciones flexibles como tarjeta de cr\u00e9dito, eCheck y cuotas mensuales a trav\u00e9s de Affirm.<\/p><p>Puedes conocer m\u00e1s sobre c\u00f3mo acceder a nuestra opci\u00f3n de pago diferido <a href=\"https:\/\/drive.google.com\/file\/d\/1lOerY7Kzgdv15tFT-K2nMblIRU4ZNFPn\/view?usp=drive_link\" target=\"_blank\" rel=\"noopener\"><u>aqu\u00ed<\/u><\/a>.<\/p>\t\t\t\t\t\t\t\t<\/div>\n\t\t\t\t<\/div>\n\t\t\t\t\t<\/div>\n\t\t\t\t<\/div>\n\t\t<div class=\"elementor-element elementor-element-517eaa4 e-flex e-con-boxed e-con e-parent\" data-id=\"517eaa4\" data-element_type=\"container\" data-e-type=\"container\" data-settings=\"{&quot;background_background&quot;:&quot;classic&quot;}\">\n\t\t\t\t\t<div class=\"e-con-inner\">\n\t\t\t\t<div class=\"elementor-element elementor-element-84e308d elementor-widget elementor-widget-heading\" data-id=\"84e308d\" data-element_type=\"widget\" data-e-type=\"widget\" data-widget_type=\"heading.default\">\n\t\t\t\t\t<h2 class=\"elementor-heading-title elementor-size-default\">Comencemos con una <b>conversaci\u00f3n<\/b>.<\/h2>\t\t\t\t<\/div>\n\t\t\t\t<div class=\"elementor-element elementor-element-5b7af5d elementor-widget__width-initial elementor-widget-tablet__width-inherit elementor-widget elementor-widget-text-editor\" data-id=\"5b7af5d\" data-element_type=\"widget\" data-e-type=\"widget\" data-widget_type=\"text-editor.default\">\n\t\t\t\t\t\t\t\t\t<p>Agenda una consulta gratuita de 20 minutos. Conoceremos tus objetivos y definiremos juntos los pr\u00f3ximos pasos.<\/p>\t\t\t\t\t\t\t\t<\/div>\n\t\t\t\t<div class=\"elementor-element elementor-element-a76a866 elementor-align-center elementor-widget elementor-widget-button\" data-id=\"a76a866\" data-element_type=\"widget\" data-e-type=\"widget\" data-widget_type=\"button.default\">\n\t\t\t\t\t\t\t\t\t\t<a class=\"elementor-button elementor-button-link elementor-size-sm\" href=\"https:\/\/forms.clickup.com\/9014100981\/f\/8cmggzn-30854\/V7KWY347R1QO4VMQSD\">\n\t\t\t\t\t\t<span class=\"elementor-button-content-wrapper\">\n\t\t\t\t\t\t\t\t\t<span class=\"elementor-button-text\">Agenda una consulta<\/span>\n\t\t\t\t\t<\/span>\n\t\t\t\t\t<\/a>\n\t\t\t\t\t\t\t\t<\/div>\n\t\t\t\t\t<\/div>\n\t\t\t\t<\/div>\n\t\t\t\t<\/div>","protected":false},"excerpt":{"rendered":"<p>Legal work with clear boundaries. Legal work is often out of reach for small businesses and nonprofits. We&#8217;re here to change that. We take an uncommonly transparent approach to legal services, making them easier to understand and easier to plan for. Legal work with clear boundaries. Legal work is often out of reach for small [&hellip;]<\/p>\n","protected":false},"author":2,"featured_media":354,"parent":0,"menu_order":0,"comment_status":"closed","ping_status":"closed","template":"","meta":{"footnotes":"","_links_to":"","_links_to_target":""},"class_list":["post-288","page","type-page","status-publish","has-post-thumbnail","hentry"],"yoast_head":"<!-- This site is optimized with the Yoast SEO plugin v27.6 - https:\/\/yoast.com\/product\/yoast-seo-wordpress\/ -->\n<title>Billing &amp; Processes - Rational Unicorn Legal Services<\/title>\n<meta name=\"robots\" content=\"index, follow, max-snippet:-1, max-image-preview:large, max-video-preview:-1\" \/>\n<link rel=\"canonical\" href=\"https:\/\/rationalunicorn.com\/es\/billing-and-process\/\" \/>\n<meta property=\"og:locale\" content=\"es_MX\" \/>\n<meta property=\"og:type\" content=\"article\" \/>\n<meta property=\"og:title\" content=\"Billing &amp; Processes - Rational Unicorn Legal Services\" \/>\n<meta property=\"og:description\" content=\"Legal work with clear boundaries. Legal work is often out of reach for small businesses and nonprofits. We&#8217;re here to change that. We take an uncommonly transparent approach to legal services, making them easier to understand and easier to plan for. Legal work with clear boundaries. Legal work is often out of reach for small [&hellip;]\" \/>\n<meta property=\"og:url\" content=\"https:\/\/rationalunicorn.com\/es\/billing-and-process\/\" \/>\n<meta property=\"og:site_name\" content=\"Rational Unicorn Legal Services\" \/>\n<meta property=\"article:publisher\" content=\"https:\/\/www.facebook.com\/rationalunicornlegalservices\" \/>\n<meta property=\"article:modified_time\" content=\"2026-03-25T01:32:06+00:00\" \/>\n<meta property=\"og:image\" content=\"https:\/\/rationalunicorn.com\/wp-content\/uploads\/2026\/03\/RationalUnicornBranding2025-160-1.jpg\" \/>\n\t<meta property=\"og:image:width\" content=\"900\" \/>\n\t<meta property=\"og:image:height\" content=\"600\" \/>\n\t<meta property=\"og:image:type\" content=\"image\/jpeg\" \/>\n<meta name=\"twitter:card\" content=\"summary_large_image\" \/>\n<meta name=\"twitter:label1\" content=\"Tiempo de lectura\" \/>\n\t<meta name=\"twitter:data1\" content=\"1 minuto\" \/>\n<script type=\"application\/ld+json\" class=\"yoast-schema-graph\">{\"@context\":\"https:\\\/\\\/schema.org\",\"@graph\":[{\"@type\":\"WebPage\",\"@id\":\"https:\\\/\\\/rationalunicorn.com\\\/billing-and-process\\\/\",\"url\":\"https:\\\/\\\/rationalunicorn.com\\\/billing-and-process\\\/\",\"name\":\"Billing &amp; Processes - Rational Unicorn Legal Services\",\"isPartOf\":{\"@id\":\"https:\\\/\\\/rationalunicorn.com\\\/#website\"},\"primaryImageOfPage\":{\"@id\":\"https:\\\/\\\/rationalunicorn.com\\\/billing-and-process\\\/#primaryimage\"},\"image\":{\"@id\":\"https:\\\/\\\/rationalunicorn.com\\\/billing-and-process\\\/#primaryimage\"},\"thumbnailUrl\":\"https:\\\/\\\/rationalunicorn.com\\\/wp-content\\\/uploads\\\/2026\\\/03\\\/RationalUnicornBranding2025-160-1.jpg\",\"datePublished\":\"2026-02-11T22:44:09+00:00\",\"dateModified\":\"2026-03-25T01:32:06+00:00\",\"breadcrumb\":{\"@id\":\"https:\\\/\\\/rationalunicorn.com\\\/billing-and-process\\\/#breadcrumb\"},\"inLanguage\":\"es\",\"potentialAction\":[{\"@type\":\"ReadAction\",\"target\":[\"https:\\\/\\\/rationalunicorn.com\\\/billing-and-process\\\/\"]}]},{\"@type\":\"ImageObject\",\"inLanguage\":\"es\",\"@id\":\"https:\\\/\\\/rationalunicorn.com\\\/billing-and-process\\\/#primaryimage\",\"url\":\"https:\\\/\\\/rationalunicorn.com\\\/wp-content\\\/uploads\\\/2026\\\/03\\\/RationalUnicornBranding2025-160-1.jpg\",\"contentUrl\":\"https:\\\/\\\/rationalunicorn.com\\\/wp-content\\\/uploads\\\/2026\\\/03\\\/RationalUnicornBranding2025-160-1.jpg\",\"width\":900,\"height\":600},{\"@type\":\"BreadcrumbList\",\"@id\":\"https:\\\/\\\/rationalunicorn.com\\\/billing-and-process\\\/#breadcrumb\",\"itemListElement\":[{\"@type\":\"ListItem\",\"position\":1,\"name\":\"Home\",\"item\":\"https:\\\/\\\/rationalunicorn.com\\\/\"},{\"@type\":\"ListItem\",\"position\":2,\"name\":\"Billing &amp; Processes\"}]},{\"@type\":\"WebSite\",\"@id\":\"https:\\\/\\\/rationalunicorn.com\\\/#website\",\"url\":\"https:\\\/\\\/rationalunicorn.com\\\/\",\"name\":\"Rational Unicorn Legal Services\",\"description\":\"Uncommonly Possible\",\"publisher\":{\"@id\":\"https:\\\/\\\/rationalunicorn.com\\\/#organization\"},\"potentialAction\":[{\"@type\":\"SearchAction\",\"target\":{\"@type\":\"EntryPoint\",\"urlTemplate\":\"https:\\\/\\\/rationalunicorn.com\\\/?s={search_term_string}\"},\"query-input\":{\"@type\":\"PropertyValueSpecification\",\"valueRequired\":true,\"valueName\":\"search_term_string\"}}],\"inLanguage\":\"es\"},{\"@type\":\"Organization\",\"@id\":\"https:\\\/\\\/rationalunicorn.com\\\/#organization\",\"name\":\"Rational Unicorn Legal Services\",\"url\":\"https:\\\/\\\/rationalunicorn.com\\\/\",\"logo\":{\"@type\":\"ImageObject\",\"inLanguage\":\"es\",\"@id\":\"https:\\\/\\\/rationalunicorn.com\\\/#\\\/schema\\\/logo\\\/image\\\/\",\"url\":\"https:\\\/\\\/rationalunicorn.com\\\/wp-content\\\/uploads\\\/2026\\\/01\\\/RU-Horizontal-Logo_MAINTL.jpg\",\"contentUrl\":\"https:\\\/\\\/rationalunicorn.com\\\/wp-content\\\/uploads\\\/2026\\\/01\\\/RU-Horizontal-Logo_MAINTL.jpg\",\"width\":730,\"height\":205,\"caption\":\"Rational Unicorn Legal Services\"},\"image\":{\"@id\":\"https:\\\/\\\/rationalunicorn.com\\\/#\\\/schema\\\/logo\\\/image\\\/\"},\"sameAs\":[\"https:\\\/\\\/www.facebook.com\\\/rationalunicornlegalservices\",\"https:\\\/\\\/www.instagram.com\\\/rationalunicornlegalservices\\\/\"]}]}<\/script>\n<!-- \/ Yoast SEO plugin. -->","yoast_head_json":{"title":"Billing &amp; Processes - Rational Unicorn Legal Services","robots":{"index":"index","follow":"follow","max-snippet":"max-snippet:-1","max-image-preview":"max-image-preview:large","max-video-preview":"max-video-preview:-1"},"canonical":"https:\/\/rationalunicorn.com\/es\/billing-and-process\/","og_locale":"es_MX","og_type":"article","og_title":"Billing &amp; Processes - Rational Unicorn Legal Services","og_description":"Legal work with clear boundaries. Legal work is often out of reach for small businesses and nonprofits. We&#8217;re here to change that. We take an uncommonly transparent approach to legal services, making them easier to understand and easier to plan for. Legal work with clear boundaries. Legal work is often out of reach for small [&hellip;]","og_url":"https:\/\/rationalunicorn.com\/es\/billing-and-process\/","og_site_name":"Rational Unicorn Legal Services","article_publisher":"https:\/\/www.facebook.com\/rationalunicornlegalservices","article_modified_time":"2026-03-25T01:32:06+00:00","og_image":[{"width":900,"height":600,"url":"https:\/\/rationalunicorn.com\/wp-content\/uploads\/2026\/03\/RationalUnicornBranding2025-160-1.jpg","type":"image\/jpeg"}],"twitter_card":"summary_large_image","twitter_misc":{"Tiempo de lectura":"1 minuto"},"schema":{"@context":"https:\/\/schema.org","@graph":[{"@type":"WebPage","@id":"https:\/\/rationalunicorn.com\/billing-and-process\/","url":"https:\/\/rationalunicorn.com\/billing-and-process\/","name":"Billing &amp; Processes - Rational Unicorn Legal Services","isPartOf":{"@id":"https:\/\/rationalunicorn.com\/#website"},"primaryImageOfPage":{"@id":"https:\/\/rationalunicorn.com\/billing-and-process\/#primaryimage"},"image":{"@id":"https:\/\/rationalunicorn.com\/billing-and-process\/#primaryimage"},"thumbnailUrl":"https:\/\/rationalunicorn.com\/wp-content\/uploads\/2026\/03\/RationalUnicornBranding2025-160-1.jpg","datePublished":"2026-02-11T22:44:09+00:00","dateModified":"2026-03-25T01:32:06+00:00","breadcrumb":{"@id":"https:\/\/rationalunicorn.com\/billing-and-process\/#breadcrumb"},"inLanguage":"es","potentialAction":[{"@type":"ReadAction","target":["https:\/\/rationalunicorn.com\/billing-and-process\/"]}]},{"@type":"ImageObject","inLanguage":"es","@id":"https:\/\/rationalunicorn.com\/billing-and-process\/#primaryimage","url":"https:\/\/rationalunicorn.com\/wp-content\/uploads\/2026\/03\/RationalUnicornBranding2025-160-1.jpg","contentUrl":"https:\/\/rationalunicorn.com\/wp-content\/uploads\/2026\/03\/RationalUnicornBranding2025-160-1.jpg","width":900,"height":600},{"@type":"BreadcrumbList","@id":"https:\/\/rationalunicorn.com\/billing-and-process\/#breadcrumb","itemListElement":[{"@type":"ListItem","position":1,"name":"Home","item":"https:\/\/rationalunicorn.com\/"},{"@type":"ListItem","position":2,"name":"Billing &amp; Processes"}]},{"@type":"WebSite","@id":"https:\/\/rationalunicorn.com\/#website","url":"https:\/\/rationalunicorn.com\/","name":"Rational Unicorn Legal Services","description":"Hacemos posible lo extraordinario","publisher":{"@id":"https:\/\/rationalunicorn.com\/#organization"},"potentialAction":[{"@type":"SearchAction","target":{"@type":"EntryPoint","urlTemplate":"https:\/\/rationalunicorn.com\/?s={search_term_string}"},"query-input":{"@type":"PropertyValueSpecification","valueRequired":true,"valueName":"search_term_string"}}],"inLanguage":"es"},{"@type":"Organization","@id":"https:\/\/rationalunicorn.com\/#organization","name":"Rational Unicorn Legal Services","url":"https:\/\/rationalunicorn.com\/","logo":{"@type":"ImageObject","inLanguage":"es","@id":"https:\/\/rationalunicorn.com\/#\/schema\/logo\/image\/","url":"https:\/\/rationalunicorn.com\/wp-content\/uploads\/2026\/01\/RU-Horizontal-Logo_MAINTL.jpg","contentUrl":"https:\/\/rationalunicorn.com\/wp-content\/uploads\/2026\/01\/RU-Horizontal-Logo_MAINTL.jpg","width":730,"height":205,"caption":"Rational Unicorn Legal Services"},"image":{"@id":"https:\/\/rationalunicorn.com\/#\/schema\/logo\/image\/"},"sameAs":["https:\/\/www.facebook.com\/rationalunicornlegalservices","https:\/\/www.instagram.com\/rationalunicornlegalservices\/"]}]}},"_links":{"self":[{"href":"https:\/\/rationalunicorn.com\/es\/wp-json\/wp\/v2\/pages\/288","targetHints":{"allow":["GET"]}}],"collection":[{"href":"https:\/\/rationalunicorn.com\/es\/wp-json\/wp\/v2\/pages"}],"about":[{"href":"https:\/\/rationalunicorn.com\/es\/wp-json\/wp\/v2\/types\/page"}],"author":[{"embeddable":true,"href":"https:\/\/rationalunicorn.com\/es\/wp-json\/wp\/v2\/users\/2"}],"replies":[{"embeddable":true,"href":"https:\/\/rationalunicorn.com\/es\/wp-json\/wp\/v2\/comments?post=288"}],"version-history":[{"count":25,"href":"https:\/\/rationalunicorn.com\/es\/wp-json\/wp\/v2\/pages\/288\/revisions"}],"predecessor-version":[{"id":859,"href":"https:\/\/rationalunicorn.com\/es\/wp-json\/wp\/v2\/pages\/288\/revisions\/859"}],"wp:featuredmedia":[{"embeddable":true,"href":"https:\/\/rationalunicorn.com\/es\/wp-json\/wp\/v2\/media\/354"}],"wp:attachment":[{"href":"https:\/\/rationalunicorn.com\/es\/wp-json\/wp\/v2\/media?parent=288"}],"curies":[{"name":"wp","href":"https:\/\/api.w.org\/{rel}","templated":true}]}}